{"id":7097,"date":"2019-07-18T14:34:56","date_gmt":"2019-07-18T14:34:56","guid":{"rendered":"http:\/\/localhost\/seraphine\/?page_id=7097"},"modified":"2019-07-18T14:34:56","modified_gmt":"2019-07-18T14:34:56","slug":"hotel-in-peja-seraphine-plaza","status":"publish","type":"page","link":"https:\/\/seraphineplaza.com\/sq\/hotel-in-peja-seraphine-plaza\/","title":{"rendered":"Peja"},"content":{"rendered":"<div class=\"wpb-content-wrapper\"><section class=\"l-section wpb_row height_medium\" style=\"margin-top: 0px !important;\"><div class=\"l-section-h i-cf\" style=\"padding-top: 0px !important;\"><div class=\"g-cols vc_row type_default valign_top\"><div class=\"vc_col-sm-12 wpb_column vc_column_container\"><div class=\"vc_column-inner\"><div class=\"wpb_wrapper\"><div class=\"w-image align_none no_image\"><div class=\"w-image-h\"><div class=\"g-placeholder\"><\/div><\/div><\/div><\/div><\/div><\/div><\/div><\/div><\/section><section class=\"l-section wpb_row height_medium\" style=\"margin-top: 0px !important;\"><div class=\"l-section-h i-cf\" style=\"padding-top: 0px !important;\"><div class=\"g-cols vc_row type_default valign_top\"><div class=\"vc_col-sm-12 wpb_column vc_column_container\"><div class=\"vc_column-inner\"><div class=\"wpb_wrapper\">\r\n\t<div class=\"wpb_text_column \">\r\n\t\t<div class=\"wpb_wrapper\">\r\n\t\t\t<h3 class=\"description-title\">About <strong>Peja<\/strong><\/h3>\n<p>Peja has a rich cultural and historical inheritance being host to a UNESCO World Heritage Site, access to another one and surrounding by stunning nature. The city lies in the northwestern part of Kosovo, at the foot of Bjeshk\u00ebt e Nemuna (the Accursed Mountains) and Rugova Canyon, between 42&#8242; and 40&#8242; parallels (north) and between 20&#8242; and 18&#8242; meridians (east). The municipality of Peja in total has a surface of 603 km2, while the urban part covers 20 km2. The altitude of the city is 521 m above sea level, and the highest peak is 2,522 m at Guri i Kuq (Red Stone) in Bjeshk\u00ebt e Nemuna Mountains. Once you pass through Rugova Canyon, you will notice its beauty and undiscovered treasures. Peja lies on the banks of the Lumbardh River springing from Bjeshk\u00ebt e Nemuna for 63 km, after which it joins the longest river in Kosovo, the Drini i Bardh\u00eb. The spring of Drini i Bardh\u00eb is also in Peja municipality, in the village Radavc, with attractive waterfalls.<\/p>\n\r\n\t\t<\/div>\r\n\t<\/div>\r\n<\/div><\/div><\/div><\/div><\/div><\/section><section class=\"l-section wpb_row height_medium\" style=\"margin-top: 0px !important;\"><div class=\"l-section-h i-cf\" style=\"padding-top: 0px !important;\"><div class=\"g-cols vc_row type_default valign_top\"><div class=\"vc_col-sm-12 wpb_column vc_column_container\"><div class=\"vc_column-inner\"><div class=\"wpb_wrapper\">\r\n\t<div class=\"wpb_text_column \">\r\n\t\t<div class=\"wpb_wrapper\">\r\n\t\t\t<h3 class=\"description-title\">Population<\/h3>\n<p>The entire region is inhabited by 180,000 citizens; of which 100,000 are concentrated in the urban center of Peja. In the last decade, there is a huge settlement of the population in the city, due to better living conditions and more employment opportunities. The majority of the population is ethnic Albanian (90%), while the remaining 10% is comprised of Serbs, Bosniaks, Roma, Ashkali and Montenegrins.<\/p>\n\r\n\t\t<\/div>\r\n\t<\/div>\r\n<\/div><\/div><\/div><\/div><\/div><\/section><section class=\"l-section wpb_row height_medium\" style=\"margin-top: 0px !important;\"><div class=\"l-section-h i-cf\" style=\"padding-top: 0px !important;\"><div class=\"g-cols vc_row type_default valign_top\"><div class=\"vc_col-sm-12 wpb_column vc_column_container\"><div class=\"vc_column-inner\"><div class=\"wpb_wrapper\">\r\n\t<div class=\"wpb_text_column \">\r\n\t\t<div class=\"wpb_wrapper\">\r\n\t\t\t<h3 class=\"description-title\">Climate<\/h3>\n<p>The climate in Peja is continental with a cold winter and relatively hot summers. Autumn brings heavy rains and there are mild temperatures during the spring. People of Peja are fond of the winter season especially when it is snowing as they use this opportunity for skiing.<\/p>\n\r\n\t\t<\/div>\r\n\t<\/div>\r\n<\/div><\/div><\/div><\/div><\/div><\/section>\n<\/div>","protected":false},"excerpt":{"rendered":"About Peja Peja has a rich cultural and historical inheritance being host to a UNESCO World Heritage Site, access to another one and surrounding by stunning nature. The city lies in the northwestern part of Kosovo, at the foot of Bjeshk\u00ebt e Nemuna (the Accursed Mountains) and Rugova Canyon, between 42' and 40' parallels (north)...","protected":false},"author":1,"featured_media":0,"parent":0,"menu_order":0,"comment_status":"closed","ping_status":"closed","template":"","meta":{"_acf_changed":false,"_links_to":"","_links_to_type":0,"footnotes":""},"class_list":["post-7097","page","type-page","status-publish","hentry"],"acf":[],"yoast_head":"<!-- This site is optimized with the Yoast SEO plugin v24.2 - https:\/\/yoast.com\/wordpress\/plugins\/seo\/ -->\n<title>Peja - Seraphine Plaza<\/title>\n<meta name=\"robots\" content=\"index, follow, max-snippet:-1, max-image-preview:large, max-video-preview:-1\" \/>\n<link rel=\"canonical\" href=\"https:\/\/seraphineplaza.com\/hotel-in-peja-seraphine-plaza\/\" \/>\n<meta property=\"og:locale\" content=\"sq_AL\" \/>\n<meta property=\"og:type\" content=\"article\" \/>\n<meta property=\"og:title\" content=\"Peja - Seraphine Plaza\" \/>\n<meta property=\"og:url\" content=\"https:\/\/seraphineplaza.com\/hotel-in-peja-seraphine-plaza\/\" \/>\n<meta property=\"og:site_name\" content=\"Seraphine Plaza\" \/>\n<meta name=\"twitter:card\" content=\"summary_large_image\" \/>\n<meta name=\"twitter:label1\" content=\"Est. reading time\" \/>\n\t<meta name=\"twitter:data1\" content=\"2 minutes\" \/>\n<script type=\"application\/ld+json\" class=\"yoast-schema-graph\">{\"@context\":\"https:\/\/schema.org\",\"@graph\":[{\"@type\":\"WebPage\",\"@id\":\"https:\/\/seraphineplaza.com\/hotel-in-peja-seraphine-plaza\/\",\"url\":\"https:\/\/seraphineplaza.com\/hotel-in-peja-seraphine-plaza\/\",\"name\":\"Peja - Seraphine Plaza\",\"isPartOf\":{\"@id\":\"https:\/\/seraphineplaza.com\/#website\"},\"datePublished\":\"2019-07-18T14:34:56+00:00\",\"dateModified\":\"2019-07-18T14:34:56+00:00\",\"breadcrumb\":{\"@id\":\"https:\/\/seraphineplaza.com\/hotel-in-peja-seraphine-plaza\/#breadcrumb\"},\"inLanguage\":\"sq-AL\",\"potentialAction\":[{\"@type\":\"ReadAction\",\"target\":[\"https:\/\/seraphineplaza.com\/hotel-in-peja-seraphine-plaza\/\"]}]},{\"@type\":\"BreadcrumbList\",\"@id\":\"https:\/\/seraphineplaza.com\/hotel-in-peja-seraphine-plaza\/#breadcrumb\",\"itemListElement\":[{\"@type\":\"ListItem\",\"position\":1,\"name\":\"Home\",\"item\":\"https:\/\/seraphineplaza.com\/sq\/\"},{\"@type\":\"ListItem\",\"position\":2,\"name\":\"Peja\"}]},{\"@type\":\"WebSite\",\"@id\":\"https:\/\/seraphineplaza.com\/#website\",\"url\":\"https:\/\/seraphineplaza.com\/\",\"name\":\"Seraphine Plaza\",\"description\":\"Hotel in Peja, Kosovo\",\"publisher\":{\"@id\":\"https:\/\/seraphineplaza.com\/#organization\"},\"potentialAction\":[{\"@type\":\"SearchAction\",\"target\":{\"@type\":\"EntryPoint\",\"urlTemplate\":\"https:\/\/seraphineplaza.com\/?s={search_term_string}\"},\"query-input\":{\"@type\":\"PropertyValueSpecification\",\"valueRequired\":true,\"valueName\":\"search_term_string\"}}],\"inLanguage\":\"sq-AL\"},{\"@type\":\"Organization\",\"@id\":\"https:\/\/seraphineplaza.com\/#organization\",\"name\":\"Seraphine Plaza\",\"url\":\"https:\/\/seraphineplaza.com\/\",\"logo\":{\"@type\":\"ImageObject\",\"inLanguage\":\"sq-AL\",\"@id\":\"https:\/\/seraphineplaza.com\/#\/schema\/logo\/image\/\",\"url\":\"https:\/\/seraphineplaza.com\/wp-content\/uploads\/2019\/08\/Serpahine-logo-4-colors-1.png\",\"contentUrl\":\"https:\/\/seraphineplaza.com\/wp-content\/uploads\/2019\/08\/Serpahine-logo-4-colors-1.png\",\"width\":500,\"height\":532,\"caption\":\"Seraphine Plaza\"},\"image\":{\"@id\":\"https:\/\/seraphineplaza.com\/#\/schema\/logo\/image\/\"}}]}<\/script>\n<!-- \/ Yoast SEO plugin. -->","yoast_head_json":{"title":"Peja - Seraphine Plaza","robots":{"index":"index","follow":"follow","max-snippet":"max-snippet:-1","max-image-preview":"max-image-preview:large","max-video-preview":"max-video-preview:-1"},"canonical":"https:\/\/seraphineplaza.com\/hotel-in-peja-seraphine-plaza\/","og_locale":"sq_AL","og_type":"article","og_title":"Peja - Seraphine Plaza","og_url":"https:\/\/seraphineplaza.com\/hotel-in-peja-seraphine-plaza\/","og_site_name":"Seraphine Plaza","twitter_card":"summary_large_image","twitter_misc":{"Est. reading time":"2 minutes"},"schema":{"@context":"https:\/\/schema.org","@graph":[{"@type":"WebPage","@id":"https:\/\/seraphineplaza.com\/hotel-in-peja-seraphine-plaza\/","url":"https:\/\/seraphineplaza.com\/hotel-in-peja-seraphine-plaza\/","name":"Peja - Seraphine Plaza","isPartOf":{"@id":"https:\/\/seraphineplaza.com\/#website"},"datePublished":"2019-07-18T14:34:56+00:00","dateModified":"2019-07-18T14:34:56+00:00","breadcrumb":{"@id":"https:\/\/seraphineplaza.com\/hotel-in-peja-seraphine-plaza\/#breadcrumb"},"inLanguage":"sq-AL","potentialAction":[{"@type":"ReadAction","target":["https:\/\/seraphineplaza.com\/hotel-in-peja-seraphine-plaza\/"]}]},{"@type":"BreadcrumbList","@id":"https:\/\/seraphineplaza.com\/hotel-in-peja-seraphine-plaza\/#breadcrumb","itemListElement":[{"@type":"ListItem","position":1,"name":"Home","item":"https:\/\/seraphineplaza.com\/sq\/"},{"@type":"ListItem","position":2,"name":"Peja"}]},{"@type":"WebSite","@id":"https:\/\/seraphineplaza.com\/#website","url":"https:\/\/seraphineplaza.com\/","name":"Seraphine Plaza","description":"Hotel in Peja, Kosovo","publisher":{"@id":"https:\/\/seraphineplaza.com\/#organization"},"potentialAction":[{"@type":"SearchAction","target":{"@type":"EntryPoint","urlTemplate":"https:\/\/seraphineplaza.com\/?s={search_term_string}"},"query-input":{"@type":"PropertyValueSpecification","valueRequired":true,"valueName":"search_term_string"}}],"inLanguage":"sq-AL"},{"@type":"Organization","@id":"https:\/\/seraphineplaza.com\/#organization","name":"Seraphine Plaza","url":"https:\/\/seraphineplaza.com\/","logo":{"@type":"ImageObject","inLanguage":"sq-AL","@id":"https:\/\/seraphineplaza.com\/#\/schema\/logo\/image\/","url":"https:\/\/seraphineplaza.com\/wp-content\/uploads\/2019\/08\/Serpahine-logo-4-colors-1.png","contentUrl":"https:\/\/seraphineplaza.com\/wp-content\/uploads\/2019\/08\/Serpahine-logo-4-colors-1.png","width":500,"height":532,"caption":"Seraphine Plaza"},"image":{"@id":"https:\/\/seraphineplaza.com\/#\/schema\/logo\/image\/"}}]}},"_links":{"self":[{"href":"https:\/\/seraphineplaza.com\/sq\/wp-json\/wp\/v2\/pages\/7097","targetHints":{"allow":["GET"]}}],"collection":[{"href":"https:\/\/seraphineplaza.com\/sq\/wp-json\/wp\/v2\/pages"}],"about":[{"href":"https:\/\/seraphineplaza.com\/sq\/wp-json\/wp\/v2\/types\/page"}],"author":[{"embeddable":true,"href":"https:\/\/seraphineplaza.com\/sq\/wp-json\/wp\/v2\/users\/1"}],"replies":[{"embeddable":true,"href":"https:\/\/seraphineplaza.com\/sq\/wp-json\/wp\/v2\/comments?post=7097"}],"version-history":[{"count":0,"href":"https:\/\/seraphineplaza.com\/sq\/wp-json\/wp\/v2\/pages\/7097\/revisions"}],"wp:attachment":[{"href":"https:\/\/seraphineplaza.com\/sq\/wp-json\/wp\/v2\/media?parent=7097"}],"curies":[{"name":"wp","href":"https:\/\/api.w.org\/{rel}","templated":true}]}}