{"id":7782,"date":"2019-08-21T13:00:12","date_gmt":"2019-08-21T13:00:12","guid":{"rendered":"https:\/\/seraphineplaza.com\/?page_id=7782"},"modified":"2019-12-04T14:36:30","modified_gmt":"2019-12-04T14:36:30","slug":"lounge","status":"publish","type":"page","link":"https:\/\/seraphineplaza.com\/sq\/lounge\/","title":{"rendered":"Lounge"},"content":{"rendered":"<div class=\"wpb-content-wrapper\"><section class=\"l-section wpb_row height_medium\" style=\"margin-top: 0px !important;\"><div class=\"l-section-h i-cf\" style=\"padding-top: 0px !important;\"><div class=\"g-cols vc_row type_default valign_top\"><div class=\"vc_col-sm-12 wpb_column vc_column_container\"><div class=\"vc_column-inner\"><div class=\"wpb_wrapper\"><div class=\"w-image align_none\"><div class=\"w-image-h\"><img loading=\"lazy\" decoding=\"async\" width=\"1920\" height=\"698\" src=\"https:\/\/seraphineplaza.com\/wp-content\/uploads\/2019\/08\/hotel_in_peja_seraphine_plaza_lounge_hotel-1.jpg\" class=\"attachment-full size-full\" alt=\"\" srcset=\"https:\/\/seraphineplaza.com\/wp-content\/uploads\/2019\/08\/hotel_in_peja_seraphine_plaza_lounge_hotel-1.jpg 1920w, https:\/\/seraphineplaza.com\/wp-content\/uploads\/2019\/08\/hotel_in_peja_seraphine_plaza_lounge_hotel-1-300x109.jpg 300w, https:\/\/seraphineplaza.com\/wp-content\/uploads\/2019\/08\/hotel_in_peja_seraphine_plaza_lounge_hotel-1-1024x372.jpg 1024w\" sizes=\"auto, (max-width: 1920px) 100vw, 1920px\" \/><\/div><\/div><\/div><\/div><\/div><\/div><\/div><\/section><section class=\"l-section wpb_row height_medium\" style=\"margin-top: 0px !important;\"><div class=\"l-section-h i-cf\" style=\"padding-top: 0px !important;\"><div class=\"g-cols vc_row type_default valign_top\"><div class=\"vc_col-sm-12 wpb_column vc_column_container\"><div class=\"vc_column-inner\"><div class=\"wpb_wrapper\">\r\n\t<div class=\"wpb_text_column \">\r\n\t\t<div class=\"wpb_wrapper\">\r\n\t\t\t<h3 class=\"description-title\">Lounge i Seraphine Plaza<\/h3>\n<p><em>\u201cNje dritare me afer Rugoves\u201d<br \/>\n<\/em><br \/>\nLounge i Seraphine Plaza \u00ebsht\u00eb n\u00eb katin e 5-t\u00eb te Hotelit. Ofron pamje t\u00eb mrekullushme t\u00eb maleve nga terraca si dhe akomodon 125 persona s\u00eb bashku n\u00eb ambient t\u00eb hapur dhe t\u00eb mbyllur.<\/p>\n<p>Lounge \u00ebsht\u00eb m\u00eb s\u00eb shumti i frekuentuar p\u00ebr llojllojshm\u00ebrin\u00eb e pijeve me alkool dhe pa alkool, duke perfshir\u00eb nj\u00eb koleksion t\u00eb gjer\u00eb t\u00eb Ver\u00ebrave dhe nj\u00eb koleksion t\u00eb shumt\u00eb t\u00eb kokteleve. Poashtu posedon edhe nj\u00eb kuzhin\u00eb t\u00eb vog\u00ebl n\u00eb t\u00eb cil\u00ebn sh\u00ebrben dhe ofrohen ushqime t\u00eb shpejta dhe finger foods.<\/p>\n<p>Lounge si lokal \u00ebsht\u00eb i vetmi i ketij lloji ne Qytetin e Pej\u00ebs i cili qendron i hapur deri n\u00eb ora 03:00 n\u00eb mesnate.<\/p>\n<p><a class=\"cta\" href=\"https:\/\/seraphineplaza.com\/wp-content\/uploads\/2019\/08\/bar-restorant-menu.pdf\" target=\"_blank\" rel=\"noopener noreferrer\">BAR MENU<\/a><\/p>\n\r\n\t\t<\/div>\r\n\t<\/div>\r\n<\/div><\/div><\/div><\/div><\/div><\/section><section class=\"l-section wpb_row height_medium\" style=\"margin-top: 0px !important;\"><div class=\"l-section-h i-cf\" style=\"padding-top: 0px !important;\"><div class=\"g-cols vc_row type_default valign_top\"><div class=\"vc_col-sm-12 wpb_column vc_column_container\"><div class=\"vc_column-inner\"><div class=\"wpb_wrapper\"><div class=\"w-grid type_carousel layout_gallery_default valign_center\" id=\"us_grid_1\"><style>#us_grid_1 .w-grid-item-h{}#us_grid_1 .usg_post_image_1{}#us_grid_1 .usg_post_image_1{transition-duration:0.3s;transform:scale(1) translate(0,0)}#us_grid_1 .w-grid-item-h:hover .usg_post_image_1{transform:scale(1) translate(0,0);opacity:0.5}<\/style><div class=\"w-grid-list owl-carousel navstyle_circle navpos_inside\"><article class=\"w-grid-item ratio_1x1 post-7792 attachment type-attachment status-inherit hentry\" data-id=\"7792\">\r\n\t<div class=\"w-grid-item-h\">\r\n\t\t\t\t<div class=\"w-post-elm post_image usg_post_image_1 stretched\"><img loading=\"lazy\" decoding=\"async\" width=\"1280\" height=\"565\" src=\"https:\/\/seraphineplaza.com\/wp-content\/uploads\/2019\/08\/hotel_in_peja_seraphine_plaza_lounge1_hotel-1.jpg\" class=\"attachment-full size-full\" alt=\"\" srcset=\"https:\/\/seraphineplaza.com\/wp-content\/uploads\/2019\/08\/hotel_in_peja_seraphine_plaza_lounge1_hotel-1.jpg 1280w, https:\/\/seraphineplaza.com\/wp-content\/uploads\/2019\/08\/hotel_in_peja_seraphine_plaza_lounge1_hotel-1-300x132.jpg 300w, https:\/\/seraphineplaza.com\/wp-content\/uploads\/2019\/08\/hotel_in_peja_seraphine_plaza_lounge1_hotel-1-1024x452.jpg 1024w\" sizes=\"auto, (max-width: 1280px) 100vw, 1280px\" \/><\/div>\t<\/div>\r\n<\/article>\r\n<article class=\"w-grid-item ratio_1x1 post-7794 attachment type-attachment status-inherit hentry\" data-id=\"7794\">\r\n\t<div class=\"w-grid-item-h\">\r\n\t\t\t\t<div class=\"w-post-elm post_image usg_post_image_1 stretched\"><img loading=\"lazy\" decoding=\"async\" width=\"1280\" height=\"565\" src=\"https:\/\/seraphineplaza.com\/wp-content\/uploads\/2019\/08\/hotel_in_peja_seraphine_plaza_lounge2_hotel-1.jpg\" class=\"attachment-full size-full\" alt=\"\" srcset=\"https:\/\/seraphineplaza.com\/wp-content\/uploads\/2019\/08\/hotel_in_peja_seraphine_plaza_lounge2_hotel-1.jpg 1280w, https:\/\/seraphineplaza.com\/wp-content\/uploads\/2019\/08\/hotel_in_peja_seraphine_plaza_lounge2_hotel-1-300x132.jpg 300w, https:\/\/seraphineplaza.com\/wp-content\/uploads\/2019\/08\/hotel_in_peja_seraphine_plaza_lounge2_hotel-1-1024x452.jpg 1024w\" sizes=\"auto, (max-width: 1280px) 100vw, 1280px\" \/><\/div>\t<\/div>\r\n<\/article>\r\n<article class=\"w-grid-item ratio_1x1 post-7796 attachment type-attachment status-inherit hentry\" data-id=\"7796\">\r\n\t<div class=\"w-grid-item-h\">\r\n\t\t\t\t<div class=\"w-post-elm post_image usg_post_image_1 stretched\"><img loading=\"lazy\" decoding=\"async\" width=\"1280\" height=\"565\" src=\"https:\/\/seraphineplaza.com\/wp-content\/uploads\/2019\/08\/hotel_in_peja_seraphine_plaza_lounge3_hotel-1.jpg\" class=\"attachment-full size-full\" alt=\"\" srcset=\"https:\/\/seraphineplaza.com\/wp-content\/uploads\/2019\/08\/hotel_in_peja_seraphine_plaza_lounge3_hotel-1.jpg 1280w, https:\/\/seraphineplaza.com\/wp-content\/uploads\/2019\/08\/hotel_in_peja_seraphine_plaza_lounge3_hotel-1-300x132.jpg 300w, https:\/\/seraphineplaza.com\/wp-content\/uploads\/2019\/08\/hotel_in_peja_seraphine_plaza_lounge3_hotel-1-1024x452.jpg 1024w\" sizes=\"auto, (max-width: 1280px) 100vw, 1280px\" \/><\/div>\t<\/div>\r\n<\/article>\r\n<article class=\"w-grid-item ratio_1x1 post-7798 attachment type-attachment status-inherit hentry\" data-id=\"7798\">\r\n\t<div class=\"w-grid-item-h\">\r\n\t\t\t\t<div class=\"w-post-elm post_image usg_post_image_1 stretched\"><img loading=\"lazy\" decoding=\"async\" width=\"1280\" height=\"565\" src=\"https:\/\/seraphineplaza.com\/wp-content\/uploads\/2019\/08\/hotel_in_peja_seraphine_plaza_lounge4_hotel-1.jpg\" class=\"attachment-full size-full\" alt=\"\" srcset=\"https:\/\/seraphineplaza.com\/wp-content\/uploads\/2019\/08\/hotel_in_peja_seraphine_plaza_lounge4_hotel-1.jpg 1280w, https:\/\/seraphineplaza.com\/wp-content\/uploads\/2019\/08\/hotel_in_peja_seraphine_plaza_lounge4_hotel-1-300x132.jpg 300w, https:\/\/seraphineplaza.com\/wp-content\/uploads\/2019\/08\/hotel_in_peja_seraphine_plaza_lounge4_hotel-1-1024x452.jpg 1024w\" sizes=\"auto, (max-width: 1280px) 100vw, 1280px\" \/><\/div>\t<\/div>\r\n<\/article>\r\n<article class=\"w-grid-item ratio_1x1 post-7800 attachment type-attachment status-inherit hentry\" data-id=\"7800\">\r\n\t<div class=\"w-grid-item-h\">\r\n\t\t\t\t<div class=\"w-post-elm post_image usg_post_image_1 stretched\"><img loading=\"lazy\" decoding=\"async\" width=\"1280\" height=\"565\" src=\"https:\/\/seraphineplaza.com\/wp-content\/uploads\/2019\/08\/hotel_in_peja_seraphine_plaza_lounge5_hotel-2.jpg\" class=\"attachment-full size-full\" alt=\"\" srcset=\"https:\/\/seraphineplaza.com\/wp-content\/uploads\/2019\/08\/hotel_in_peja_seraphine_plaza_lounge5_hotel-2.jpg 1280w, https:\/\/seraphineplaza.com\/wp-content\/uploads\/2019\/08\/hotel_in_peja_seraphine_plaza_lounge5_hotel-2-300x132.jpg 300w, https:\/\/seraphineplaza.com\/wp-content\/uploads\/2019\/08\/hotel_in_peja_seraphine_plaza_lounge5_hotel-2-1024x452.jpg 1024w\" sizes=\"auto, (max-width: 1280px) 100vw, 1280px\" \/><\/div>\t<\/div>\r\n<\/article>\r\n<\/div>\t<div class=\"g-preloader type_1\">\r\n\t\t<div><\/div>\r\n\t<\/div>\r\n\t\t<div class=\"w-grid-json hidden\" onclick='return {&quot;ajax_url&quot;:&quot;https:\\\/\\\/seraphineplaza.com\\\/wp-admin\\\/admin-ajax.php&quot;,&quot;permalink_url&quot;:&quot;https:\\\/\\\/seraphineplaza.com\\\/sq\\\/lounge\\\/hotel_in_peja_seraphine_plaza_lounge5_hotel\\\/&quot;,&quot;action&quot;:&quot;us_ajax_grid&quot;,&quot;max_num_pages&quot;:1,&quot;infinite_scroll&quot;:0,&quot;template_vars&quot;:{&quot;query_args&quot;:{&quot;post_type&quot;:[&quot;attachment&quot;],&quot;post__in&quot;:[&quot;7792&quot;,&quot;7794&quot;,&quot;7796&quot;,&quot;7798&quot;,&quot;7800&quot;],&quot;post_status&quot;:&quot;inherit&quot;,&quot;post_mime_type&quot;:&quot;image&quot;,&quot;orderby&quot;:{&quot;title&quot;:&quot;ASC&quot;},&quot;posts_per_page&quot;:&quot;10&quot;},&quot;post_id&quot;:7782,&quot;us_grid_index&quot;:1,&quot;us_grid_ajax_index&quot;:null,&quot;exclude_items&quot;:&quot;none&quot;,&quot;items_offset&quot;:&quot;1&quot;,&quot;items_layout&quot;:&quot;gallery_default&quot;,&quot;type&quot;:&quot;carousel&quot;,&quot;columns&quot;:&quot;1&quot;,&quot;img_size&quot;:&quot;full&quot;,&quot;overriding_link&quot;:&quot;none&quot;,&quot;lang&quot;:&quot;sq&quot;},&quot;carousel_settings&quot;:{&quot;items&quot;:&quot;1&quot;,&quot;nav&quot;:1,&quot;navNext&quot;:&quot;&quot;,&quot;navPrev&quot;:&quot;&quot;,&quot;dots&quot;:0,&quot;center&quot;:0,&quot;autoplay&quot;:0,&quot;smooth_play&quot;:0,&quot;timeout&quot;:3000,&quot;speed&quot;:1250,&quot;transition&quot;:&quot;&quot;,&quot;autoHeight&quot;:0,&quot;slideby&quot;:&quot;1&quot;},&quot;carousel_breakpoints&quot;:{&quot;1200&quot;:{&quot;items&quot;:1},&quot;900&quot;:{&quot;items&quot;:&quot;1&quot;,&quot;autoplay&quot;:1,&quot;autoplayHoverPause&quot;:1},&quot;600&quot;:{&quot;items&quot;:&quot;1&quot;,&quot;autoplay&quot;:1,&quot;autoplayHoverPause&quot;:1},&quot;0&quot;:{&quot;items&quot;:1,&quot;autoplay&quot;:1,&quot;autoplayHoverPause&quot;:1,&quot;autoHeight&quot;:0}}}'><\/div>\r\n<\/div><\/div><\/div><\/div><\/div><\/div><\/section>\n<\/div>","protected":false},"excerpt":{"rendered":"","protected":false},"author":1,"featured_media":0,"parent":0,"menu_order":0,"comment_status":"closed","ping_status":"closed","template":"","meta":{"_acf_changed":false,"_links_to":"","_links_to_type":0,"footnotes":""},"class_list":["post-7782","page","type-page","status-publish","hentry"],"acf":[],"yoast_head":"<!-- This site is optimized with the Yoast SEO plugin v24.2 - https:\/\/yoast.com\/wordpress\/plugins\/seo\/ -->\n<title>Lounge - Seraphine Plaza<\/title>\n<meta name=\"robots\" content=\"index, follow, max-snippet:-1, max-image-preview:large, max-video-preview:-1\" \/>\n<link rel=\"canonical\" href=\"https:\/\/seraphineplaza.com\/sq\/lounge\/\" \/>\n<meta property=\"og:locale\" content=\"sq_AL\" \/>\n<meta property=\"og:type\" content=\"article\" \/>\n<meta property=\"og:title\" content=\"Lounge - Seraphine Plaza\" \/>\n<meta property=\"og:url\" content=\"https:\/\/seraphineplaza.com\/sq\/lounge\/\" \/>\n<meta property=\"og:site_name\" content=\"Seraphine Plaza\" \/>\n<meta property=\"article:modified_time\" content=\"2019-12-04T14:36:30+00:00\" \/>\n<meta name=\"twitter:card\" content=\"summary_large_image\" \/>\n<meta name=\"twitter:label1\" content=\"Est. reading time\" \/>\n\t<meta name=\"twitter:data1\" content=\"1 minute\" \/>\n<script type=\"application\/ld+json\" class=\"yoast-schema-graph\">{\"@context\":\"https:\/\/schema.org\",\"@graph\":[{\"@type\":\"WebPage\",\"@id\":\"https:\/\/seraphineplaza.com\/sq\/lounge\/\",\"url\":\"https:\/\/seraphineplaza.com\/sq\/lounge\/\",\"name\":\"Lounge - Seraphine Plaza\",\"isPartOf\":{\"@id\":\"https:\/\/seraphineplaza.com\/#website\"},\"datePublished\":\"2019-08-21T13:00:12+00:00\",\"dateModified\":\"2019-12-04T14:36:30+00:00\",\"breadcrumb\":{\"@id\":\"https:\/\/seraphineplaza.com\/sq\/lounge\/#breadcrumb\"},\"inLanguage\":\"sq-AL\",\"potentialAction\":[{\"@type\":\"ReadAction\",\"target\":[\"https:\/\/seraphineplaza.com\/sq\/lounge\/\"]}]},{\"@type\":\"BreadcrumbList\",\"@id\":\"https:\/\/seraphineplaza.com\/sq\/lounge\/#breadcrumb\",\"itemListElement\":[{\"@type\":\"ListItem\",\"position\":1,\"name\":\"Home\",\"item\":\"https:\/\/seraphineplaza.com\/sq\/\"},{\"@type\":\"ListItem\",\"position\":2,\"name\":\"Lounge\"}]},{\"@type\":\"WebSite\",\"@id\":\"https:\/\/seraphineplaza.com\/#website\",\"url\":\"https:\/\/seraphineplaza.com\/\",\"name\":\"Seraphine Plaza\",\"description\":\"Hotel in Peja, Kosovo\",\"publisher\":{\"@id\":\"https:\/\/seraphineplaza.com\/#organization\"},\"potentialAction\":[{\"@type\":\"SearchAction\",\"target\":{\"@type\":\"EntryPoint\",\"urlTemplate\":\"https:\/\/seraphineplaza.com\/?s={search_term_string}\"},\"query-input\":{\"@type\":\"PropertyValueSpecification\",\"valueRequired\":true,\"valueName\":\"search_term_string\"}}],\"inLanguage\":\"sq-AL\"},{\"@type\":\"Organization\",\"@id\":\"https:\/\/seraphineplaza.com\/#organization\",\"name\":\"Seraphine Plaza\",\"url\":\"https:\/\/seraphineplaza.com\/\",\"logo\":{\"@type\":\"ImageObject\",\"inLanguage\":\"sq-AL\",\"@id\":\"https:\/\/seraphineplaza.com\/#\/schema\/logo\/image\/\",\"url\":\"https:\/\/seraphineplaza.com\/wp-content\/uploads\/2019\/08\/Serpahine-logo-4-colors-1.png\",\"contentUrl\":\"https:\/\/seraphineplaza.com\/wp-content\/uploads\/2019\/08\/Serpahine-logo-4-colors-1.png\",\"width\":500,\"height\":532,\"caption\":\"Seraphine Plaza\"},\"image\":{\"@id\":\"https:\/\/seraphineplaza.com\/#\/schema\/logo\/image\/\"}}]}<\/script>\n<!-- \/ Yoast SEO plugin. -->","yoast_head_json":{"title":"Lounge - Seraphine Plaza","robots":{"index":"index","follow":"follow","max-snippet":"max-snippet:-1","max-image-preview":"max-image-preview:large","max-video-preview":"max-video-preview:-1"},"canonical":"https:\/\/seraphineplaza.com\/sq\/lounge\/","og_locale":"sq_AL","og_type":"article","og_title":"Lounge - Seraphine Plaza","og_url":"https:\/\/seraphineplaza.com\/sq\/lounge\/","og_site_name":"Seraphine Plaza","article_modified_time":"2019-12-04T14:36:30+00:00","twitter_card":"summary_large_image","twitter_misc":{"Est. reading time":"1 minute"},"schema":{"@context":"https:\/\/schema.org","@graph":[{"@type":"WebPage","@id":"https:\/\/seraphineplaza.com\/sq\/lounge\/","url":"https:\/\/seraphineplaza.com\/sq\/lounge\/","name":"Lounge - Seraphine Plaza","isPartOf":{"@id":"https:\/\/seraphineplaza.com\/#website"},"datePublished":"2019-08-21T13:00:12+00:00","dateModified":"2019-12-04T14:36:30+00:00","breadcrumb":{"@id":"https:\/\/seraphineplaza.com\/sq\/lounge\/#breadcrumb"},"inLanguage":"sq-AL","potentialAction":[{"@type":"ReadAction","target":["https:\/\/seraphineplaza.com\/sq\/lounge\/"]}]},{"@type":"BreadcrumbList","@id":"https:\/\/seraphineplaza.com\/sq\/lounge\/#breadcrumb","itemListElement":[{"@type":"ListItem","position":1,"name":"Home","item":"https:\/\/seraphineplaza.com\/sq\/"},{"@type":"ListItem","position":2,"name":"Lounge"}]},{"@type":"WebSite","@id":"https:\/\/seraphineplaza.com\/#website","url":"https:\/\/seraphineplaza.com\/","name":"Seraphine Plaza","description":"Hotel in Peja, Kosovo","publisher":{"@id":"https:\/\/seraphineplaza.com\/#organization"},"potentialAction":[{"@type":"SearchAction","target":{"@type":"EntryPoint","urlTemplate":"https:\/\/seraphineplaza.com\/?s={search_term_string}"},"query-input":{"@type":"PropertyValueSpecification","valueRequired":true,"valueName":"search_term_string"}}],"inLanguage":"sq-AL"},{"@type":"Organization","@id":"https:\/\/seraphineplaza.com\/#organization","name":"Seraphine Plaza","url":"https:\/\/seraphineplaza.com\/","logo":{"@type":"ImageObject","inLanguage":"sq-AL","@id":"https:\/\/seraphineplaza.com\/#\/schema\/logo\/image\/","url":"https:\/\/seraphineplaza.com\/wp-content\/uploads\/2019\/08\/Serpahine-logo-4-colors-1.png","contentUrl":"https:\/\/seraphineplaza.com\/wp-content\/uploads\/2019\/08\/Serpahine-logo-4-colors-1.png","width":500,"height":532,"caption":"Seraphine Plaza"},"image":{"@id":"https:\/\/seraphineplaza.com\/#\/schema\/logo\/image\/"}}]}},"_links":{"self":[{"href":"https:\/\/seraphineplaza.com\/sq\/wp-json\/wp\/v2\/pages\/7782","targetHints":{"allow":["GET"]}}],"collection":[{"href":"https:\/\/seraphineplaza.com\/sq\/wp-json\/wp\/v2\/pages"}],"about":[{"href":"https:\/\/seraphineplaza.com\/sq\/wp-json\/wp\/v2\/types\/page"}],"author":[{"embeddable":true,"href":"https:\/\/seraphineplaza.com\/sq\/wp-json\/wp\/v2\/users\/1"}],"replies":[{"embeddable":true,"href":"https:\/\/seraphineplaza.com\/sq\/wp-json\/wp\/v2\/comments?post=7782"}],"version-history":[{"count":6,"href":"https:\/\/seraphineplaza.com\/sq\/wp-json\/wp\/v2\/pages\/7782\/revisions"}],"predecessor-version":[{"id":8118,"href":"https:\/\/seraphineplaza.com\/sq\/wp-json\/wp\/v2\/pages\/7782\/revisions\/8118"}],"wp:attachment":[{"href":"https:\/\/seraphineplaza.com\/sq\/wp-json\/wp\/v2\/media?parent=7782"}],"curies":[{"name":"wp","href":"https:\/\/api.w.org\/{rel}","templated":true}]}}