{"id":7813,"date":"2019-08-21T15:18:17","date_gmt":"2019-08-21T15:18:17","guid":{"rendered":"https:\/\/seraphineplaza.com\/?page_id=7813"},"modified":"2019-12-04T14:39:56","modified_gmt":"2019-12-04T14:39:56","slug":"takime-evente","status":"publish","type":"page","link":"https:\/\/seraphineplaza.com\/sq\/takime-evente\/","title":{"rendered":"TAKIME &#038; EVENTE"},"content":{"rendered":"<div class=\"wpb-content-wrapper\"><section class=\"l-section wpb_row height_medium\" style=\"margin-top: 0px !important;\"><div class=\"l-section-h i-cf\" style=\"padding-top: 0px !important;\"><div class=\"g-cols vc_row type_default valign_top\"><div class=\"vc_col-sm-12 wpb_column vc_column_container\"><div class=\"vc_column-inner\"><div class=\"wpb_wrapper\"><div class=\"w-image align_none\"><div class=\"w-image-h\"><img loading=\"lazy\" decoding=\"async\" width=\"1920\" height=\"698\" src=\"https:\/\/seraphineplaza.com\/wp-content\/uploads\/2019\/08\/hotel_in_peja_seraphine_plaza_conference_hotel-1.jpg\" class=\"attachment-full size-full\" alt=\"\" srcset=\"https:\/\/seraphineplaza.com\/wp-content\/uploads\/2019\/08\/hotel_in_peja_seraphine_plaza_conference_hotel-1.jpg 1920w, https:\/\/seraphineplaza.com\/wp-content\/uploads\/2019\/08\/hotel_in_peja_seraphine_plaza_conference_hotel-1-300x109.jpg 300w, https:\/\/seraphineplaza.com\/wp-content\/uploads\/2019\/08\/hotel_in_peja_seraphine_plaza_conference_hotel-1-1024x372.jpg 1024w\" sizes=\"auto, (max-width: 1920px) 100vw, 1920px\" \/><\/div><\/div><\/div><\/div><\/div><\/div><\/div><\/section><section class=\"l-section wpb_row height_medium\" style=\"margin-top: 0px !important;\"><div class=\"l-section-h i-cf\" style=\"padding-top: 0px !important;\"><div class=\"g-cols vc_row type_default valign_top\"><div class=\"vc_col-sm-12 wpb_column vc_column_container\"><div class=\"vc_column-inner\"><div class=\"wpb_wrapper\">\r\n\t<div class=\"wpb_text_column \">\r\n\t\t<div class=\"wpb_wrapper\">\r\n\t\t\t<h3 class=\"description-title\">Salla e konferencave Seraphine Plaza<\/h3>\n<p>Salla e Konferences ka kapacitet prej 72m\u00b2 dhe ne jemi partneri ideal p\u00ebr takimet dhe konferencat tuaja. Salla e Konferenc\u00ebs ofron rehatin\u00eb dhe teknologjin\u00eb e nevojshme n\u00eb m\u00ebnyr\u00eb q\u00eb \u00e7do k\u00ebrkes\u00eb e juaja t\u00eb plot\u00ebsohet.<br \/>\nSalla e Konferenc\u00ebs Seraphine Plaza q\u00eb ka kapacitet p\u00ebr 40 persona, b\u00ebn\u00eb q\u00eb takimet tuaja t\u00eb jen\u00eb edhe m\u00eb produktive. Ne ket\u00eb pjes\u00eb, pauzat e kafes\u00eb shijojn\u00eb m\u00eb ndryshe p\u00ebrgjat\u00eb\u00a0takimeve tuaja!<\/p>\n<p>Salla e Konferences Seraphine Plaza q\u00eb ka kapacitet per 40 deri ne 50 persona, b\u00ebn q\u00eb takimet e juaja t\u00eb jen\u00eb edhe me produktive. \u00cbsht\u00eb shum\u00eb e p\u00ebrdorshme p\u00ebr evente t\u00eb natyrave t\u00eb ndryshme, si; mbledhje, konsultime, seminare, workshope, pastaj p\u00ebr evente familjare si, dit\u00eblindje dhe fejesa, etj; N\u00eb k\u00ebt\u00eb pjes\u00eb, pauzat e kafes\u00eb shijojn\u00eb me ndryshe p\u00ebrgjate takimeve tuaja!<\/p>\n\r\n\t\t<\/div>\r\n\t<\/div>\r\n\r\n\t<div class=\"wpb_text_column  vc_custom_1563805826075\">\r\n\t\t<div class=\"wpb_wrapper\">\r\n\t\t\t\n<table id=\"tablepress-1\" class=\"tablepress tablepress-id-1\">\n<thead>\n<tr class=\"row-1\">\n\t<th class=\"column-1\">Meeting <br \/>\nRooms<\/th><th class=\"column-2\">Dimensions<\/th><th class=\"column-3\"><img loading=\"lazy\" decoding=\"async\" src=\"http:\/\/seraphineplaza.com\/wp-content\/uploads\/2019\/07\/image2.png\" alt=\"\" width=\"297\" height=\"267\" class=\"alignnone size-full wp-image-7136\" \/><\/th><th class=\"column-4\"><img loading=\"lazy\" decoding=\"async\" src=\"http:\/\/seraphineplaza.com\/wp-content\/uploads\/2019\/07\/image3.png\" alt=\"\" width=\"298\" height=\"270\" class=\"alignnone size-full wp-image-7137\" \/><\/th><th class=\"column-5\"><img loading=\"lazy\" decoding=\"async\" src=\"http:\/\/seraphineplaza.com\/wp-content\/uploads\/2019\/07\/image4-300x270.png\" alt=\"\" width=\"300\" height=\"270\" class=\"alignnone size-medium wp-image-7138\" \/><\/th><th class=\"column-6\"><img loading=\"lazy\" decoding=\"async\" src=\"http:\/\/seraphineplaza.com\/wp-content\/uploads\/2019\/07\/image5-300x262.png\" alt=\"\" width=\"300\" height=\"262\" class=\"alignnone size-medium wp-image-7139\" \/><\/th>\n<\/tr>\n<\/thead>\n<tbody class=\"row-striping row-hover\">\n<tr class=\"row-2\">\n\t<td class=\"column-1\">Seraphine Plaza Conference Room<\/td><td class=\"column-2\">110m\u00b2<\/td><td class=\"column-3\">20\/20<\/td><td class=\"column-4\">40 persons<\/td><td class=\"column-5\">40 persons<\/td><td class=\"column-6\">38 persona<\/td>\n<\/tr>\n<\/tbody>\n<\/table>\n<!-- #tablepress-1 from cache -->\n\r\n\t\t<\/div>\r\n\t<\/div>\r\n<\/div><\/div><\/div><\/div><\/div><\/section><section class=\"l-section wpb_row height_medium\" style=\"margin-top: 0px !important;\"><div class=\"l-section-h i-cf\" style=\"padding-top: 0px !important;\"><div class=\"g-cols vc_row type_default valign_top\"><div class=\"vc_col-sm-12 wpb_column vc_column_container\"><div class=\"vc_column-inner\"><div class=\"wpb_wrapper\"><div class=\"w-grid type_carousel layout_gallery_default valign_center\" id=\"us_grid_1\"><style>#us_grid_1 .w-grid-item-h{}#us_grid_1 .usg_post_image_1{}#us_grid_1 .usg_post_image_1{transition-duration:0.3s;transform:scale(1) translate(0,0)}#us_grid_1 .w-grid-item-h:hover .usg_post_image_1{transform:scale(1) translate(0,0);opacity:0.5}<\/style><div class=\"w-grid-list owl-carousel navstyle_circle navpos_inside\"><article class=\"w-grid-item ratio_1x1 post-7819 attachment type-attachment status-inherit hentry\" data-id=\"7819\">\r\n\t<div class=\"w-grid-item-h\">\r\n\t\t\t\t<div class=\"w-post-elm post_image usg_post_image_1 stretched\"><img loading=\"lazy\" decoding=\"async\" width=\"640\" height=\"283\" src=\"https:\/\/seraphineplaza.com\/wp-content\/uploads\/2019\/08\/hotel_in_peja_seraphine_plaza_conference4_hotel-1024x452-1-1024x452.jpg\" class=\"attachment-large size-large\" alt=\"\" srcset=\"https:\/\/seraphineplaza.com\/wp-content\/uploads\/2019\/08\/hotel_in_peja_seraphine_plaza_conference4_hotel-1024x452-1.jpg 1024w, https:\/\/seraphineplaza.com\/wp-content\/uploads\/2019\/08\/hotel_in_peja_seraphine_plaza_conference4_hotel-1024x452-1-300x132.jpg 300w\" sizes=\"auto, (max-width: 640px) 100vw, 640px\" \/><\/div>\t<\/div>\r\n<\/article>\r\n<article class=\"w-grid-item ratio_1x1 post-7821 attachment type-attachment status-inherit hentry\" data-id=\"7821\">\r\n\t<div class=\"w-grid-item-h\">\r\n\t\t\t\t<div class=\"w-post-elm post_image usg_post_image_1 stretched\"><img loading=\"lazy\" decoding=\"async\" width=\"640\" height=\"283\" src=\"https:\/\/seraphineplaza.com\/wp-content\/uploads\/2019\/08\/hotel_in_peja_seraphine_plaza_conference5_hotel-1024x452-1-1024x452.jpg\" class=\"attachment-large size-large\" alt=\"\" srcset=\"https:\/\/seraphineplaza.com\/wp-content\/uploads\/2019\/08\/hotel_in_peja_seraphine_plaza_conference5_hotel-1024x452-1.jpg 1024w, https:\/\/seraphineplaza.com\/wp-content\/uploads\/2019\/08\/hotel_in_peja_seraphine_plaza_conference5_hotel-1024x452-1-300x132.jpg 300w\" sizes=\"auto, (max-width: 640px) 100vw, 640px\" \/><\/div>\t<\/div>\r\n<\/article>\r\n<article class=\"w-grid-item ratio_1x1 post-7823 attachment type-attachment status-inherit hentry\" data-id=\"7823\">\r\n\t<div class=\"w-grid-item-h\">\r\n\t\t\t\t<div class=\"w-post-elm post_image usg_post_image_1 stretched\"><img loading=\"lazy\" decoding=\"async\" width=\"640\" height=\"283\" src=\"https:\/\/seraphineplaza.com\/wp-content\/uploads\/2019\/08\/hotel_in_peja_seraphine_plaza_conference6_hotel-1024x452-1-1024x452.jpg\" class=\"attachment-large size-large\" alt=\"\" srcset=\"https:\/\/seraphineplaza.com\/wp-content\/uploads\/2019\/08\/hotel_in_peja_seraphine_plaza_conference6_hotel-1024x452-1.jpg 1024w, https:\/\/seraphineplaza.com\/wp-content\/uploads\/2019\/08\/hotel_in_peja_seraphine_plaza_conference6_hotel-1024x452-1-300x132.jpg 300w\" sizes=\"auto, (max-width: 640px) 100vw, 640px\" \/><\/div>\t<\/div>\r\n<\/article>\r\n<article class=\"w-grid-item ratio_1x1 post-7825 attachment type-attachment status-inherit hentry\" data-id=\"7825\">\r\n\t<div class=\"w-grid-item-h\">\r\n\t\t\t\t<div class=\"w-post-elm post_image usg_post_image_1 stretched\"><img loading=\"lazy\" decoding=\"async\" width=\"640\" height=\"283\" src=\"https:\/\/seraphineplaza.com\/wp-content\/uploads\/2019\/08\/hotel_in_peja_seraphine_plaza_conference7_hotel-1024x452-1-1024x452.jpg\" class=\"attachment-large size-large\" alt=\"\" srcset=\"https:\/\/seraphineplaza.com\/wp-content\/uploads\/2019\/08\/hotel_in_peja_seraphine_plaza_conference7_hotel-1024x452-1.jpg 1024w, https:\/\/seraphineplaza.com\/wp-content\/uploads\/2019\/08\/hotel_in_peja_seraphine_plaza_conference7_hotel-1024x452-1-300x132.jpg 300w\" sizes=\"auto, (max-width: 640px) 100vw, 640px\" \/><\/div>\t<\/div>\r\n<\/article>\r\n<article class=\"w-grid-item ratio_1x1 post-7827 attachment type-attachment status-inherit hentry\" data-id=\"7827\">\r\n\t<div class=\"w-grid-item-h\">\r\n\t\t\t\t<div class=\"w-post-elm post_image usg_post_image_1 stretched\"><img loading=\"lazy\" decoding=\"async\" width=\"640\" height=\"283\" src=\"https:\/\/seraphineplaza.com\/wp-content\/uploads\/2019\/08\/hotel_in_peja_seraphine_plaza_conference8_hotel-1024x452-1-1024x452.jpg\" class=\"attachment-large size-large\" alt=\"\" srcset=\"https:\/\/seraphineplaza.com\/wp-content\/uploads\/2019\/08\/hotel_in_peja_seraphine_plaza_conference8_hotel-1024x452-1.jpg 1024w, https:\/\/seraphineplaza.com\/wp-content\/uploads\/2019\/08\/hotel_in_peja_seraphine_plaza_conference8_hotel-1024x452-1-300x132.jpg 300w\" sizes=\"auto, (max-width: 640px) 100vw, 640px\" \/><\/div>\t<\/div>\r\n<\/article>\r\n<\/div>\t<div class=\"g-preloader type_1\">\r\n\t\t<div><\/div>\r\n\t<\/div>\r\n\t\t<div class=\"w-grid-json hidden\" onclick='return {&quot;ajax_url&quot;:&quot;https:\\\/\\\/seraphineplaza.com\\\/wp-admin\\\/admin-ajax.php&quot;,&quot;permalink_url&quot;:&quot;https:\\\/\\\/seraphineplaza.com\\\/sq\\\/takime-evente\\\/hotel_in_peja_seraphine_plaza_conference8_hotel-1024x452\\\/&quot;,&quot;action&quot;:&quot;us_ajax_grid&quot;,&quot;max_num_pages&quot;:1,&quot;infinite_scroll&quot;:0,&quot;template_vars&quot;:{&quot;query_args&quot;:{&quot;post_type&quot;:[&quot;attachment&quot;],&quot;post__in&quot;:[&quot;7819&quot;,&quot;7821&quot;,&quot;7823&quot;,&quot;7825&quot;,&quot;7827&quot;],&quot;post_status&quot;:&quot;inherit&quot;,&quot;post_mime_type&quot;:&quot;image&quot;,&quot;orderby&quot;:{&quot;title&quot;:&quot;ASC&quot;},&quot;posts_per_page&quot;:&quot;10&quot;},&quot;post_id&quot;:7813,&quot;us_grid_index&quot;:1,&quot;us_grid_ajax_index&quot;:null,&quot;exclude_items&quot;:&quot;none&quot;,&quot;items_offset&quot;:&quot;1&quot;,&quot;items_layout&quot;:&quot;gallery_default&quot;,&quot;type&quot;:&quot;carousel&quot;,&quot;columns&quot;:&quot;1&quot;,&quot;img_size&quot;:&quot;default&quot;,&quot;overriding_link&quot;:&quot;none&quot;,&quot;lang&quot;:&quot;sq&quot;},&quot;carousel_settings&quot;:{&quot;items&quot;:&quot;1&quot;,&quot;nav&quot;:1,&quot;navNext&quot;:&quot;&quot;,&quot;navPrev&quot;:&quot;&quot;,&quot;dots&quot;:0,&quot;center&quot;:0,&quot;autoplay&quot;:0,&quot;smooth_play&quot;:0,&quot;timeout&quot;:3000,&quot;speed&quot;:1000,&quot;transition&quot;:&quot;&quot;,&quot;autoHeight&quot;:0,&quot;slideby&quot;:&quot;1&quot;},&quot;carousel_breakpoints&quot;:{&quot;1200&quot;:{&quot;items&quot;:1},&quot;900&quot;:{&quot;items&quot;:&quot;1&quot;,&quot;autoplay&quot;:1,&quot;autoplayHoverPause&quot;:1},&quot;600&quot;:{&quot;items&quot;:&quot;1&quot;,&quot;autoplay&quot;:1,&quot;autoplayHoverPause&quot;:1},&quot;0&quot;:{&quot;items&quot;:1,&quot;autoplay&quot;:1,&quot;autoplayHoverPause&quot;:1,&quot;autoHeight&quot;:0}}}'><\/div>\r\n<\/div><\/div><\/div><\/div><\/div><\/div><\/section>\n<\/div>","protected":false},"excerpt":{"rendered":"","protected":false},"author":1,"featured_media":0,"parent":0,"menu_order":0,"comment_status":"closed","ping_status":"closed","template":"","meta":{"_acf_changed":false,"_links_to":"","_links_to_type":0,"footnotes":""},"class_list":["post-7813","page","type-page","status-publish","hentry"],"acf":[],"yoast_head":"<!-- This site is optimized with the Yoast SEO plugin v24.2 - https:\/\/yoast.com\/wordpress\/plugins\/seo\/ -->\n<title>TAKIME &amp; EVENTE - Seraphine Plaza<\/title>\n<meta name=\"robots\" content=\"index, follow, max-snippet:-1, max-image-preview:large, max-video-preview:-1\" \/>\n<link rel=\"canonical\" href=\"https:\/\/seraphineplaza.com\/sq\/takime-evente\/\" \/>\n<meta property=\"og:locale\" content=\"sq_AL\" \/>\n<meta property=\"og:type\" content=\"article\" \/>\n<meta property=\"og:title\" content=\"TAKIME &amp; EVENTE - Seraphine Plaza\" \/>\n<meta property=\"og:url\" content=\"https:\/\/seraphineplaza.com\/sq\/takime-evente\/\" \/>\n<meta property=\"og:site_name\" content=\"Seraphine Plaza\" \/>\n<meta property=\"article:modified_time\" content=\"2019-12-04T14:39:56+00:00\" \/>\n<meta name=\"twitter:card\" content=\"summary_large_image\" \/>\n<meta name=\"twitter:label1\" content=\"Est. reading time\" \/>\n\t<meta name=\"twitter:data1\" content=\"1 minute\" \/>\n<script type=\"application\/ld+json\" class=\"yoast-schema-graph\">{\"@context\":\"https:\/\/schema.org\",\"@graph\":[{\"@type\":\"WebPage\",\"@id\":\"https:\/\/seraphineplaza.com\/sq\/takime-evente\/\",\"url\":\"https:\/\/seraphineplaza.com\/sq\/takime-evente\/\",\"name\":\"TAKIME & EVENTE - Seraphine Plaza\",\"isPartOf\":{\"@id\":\"https:\/\/seraphineplaza.com\/#website\"},\"datePublished\":\"2019-08-21T15:18:17+00:00\",\"dateModified\":\"2019-12-04T14:39:56+00:00\",\"breadcrumb\":{\"@id\":\"https:\/\/seraphineplaza.com\/sq\/takime-evente\/#breadcrumb\"},\"inLanguage\":\"sq-AL\",\"potentialAction\":[{\"@type\":\"ReadAction\",\"target\":[\"https:\/\/seraphineplaza.com\/sq\/takime-evente\/\"]}]},{\"@type\":\"BreadcrumbList\",\"@id\":\"https:\/\/seraphineplaza.com\/sq\/takime-evente\/#breadcrumb\",\"itemListElement\":[{\"@type\":\"ListItem\",\"position\":1,\"name\":\"Home\",\"item\":\"https:\/\/seraphineplaza.com\/sq\/\"},{\"@type\":\"ListItem\",\"position\":2,\"name\":\"TAKIME &#038; EVENTE\"}]},{\"@type\":\"WebSite\",\"@id\":\"https:\/\/seraphineplaza.com\/#website\",\"url\":\"https:\/\/seraphineplaza.com\/\",\"name\":\"Seraphine Plaza\",\"description\":\"Hotel in Peja, Kosovo\",\"publisher\":{\"@id\":\"https:\/\/seraphineplaza.com\/#organization\"},\"potentialAction\":[{\"@type\":\"SearchAction\",\"target\":{\"@type\":\"EntryPoint\",\"urlTemplate\":\"https:\/\/seraphineplaza.com\/?s={search_term_string}\"},\"query-input\":{\"@type\":\"PropertyValueSpecification\",\"valueRequired\":true,\"valueName\":\"search_term_string\"}}],\"inLanguage\":\"sq-AL\"},{\"@type\":\"Organization\",\"@id\":\"https:\/\/seraphineplaza.com\/#organization\",\"name\":\"Seraphine Plaza\",\"url\":\"https:\/\/seraphineplaza.com\/\",\"logo\":{\"@type\":\"ImageObject\",\"inLanguage\":\"sq-AL\",\"@id\":\"https:\/\/seraphineplaza.com\/#\/schema\/logo\/image\/\",\"url\":\"https:\/\/seraphineplaza.com\/wp-content\/uploads\/2019\/08\/Serpahine-logo-4-colors-1.png\",\"contentUrl\":\"https:\/\/seraphineplaza.com\/wp-content\/uploads\/2019\/08\/Serpahine-logo-4-colors-1.png\",\"width\":500,\"height\":532,\"caption\":\"Seraphine Plaza\"},\"image\":{\"@id\":\"https:\/\/seraphineplaza.com\/#\/schema\/logo\/image\/\"}}]}<\/script>\n<!-- \/ Yoast SEO plugin. -->","yoast_head_json":{"title":"TAKIME & EVENTE - Seraphine Plaza","robots":{"index":"index","follow":"follow","max-snippet":"max-snippet:-1","max-image-preview":"max-image-preview:large","max-video-preview":"max-video-preview:-1"},"canonical":"https:\/\/seraphineplaza.com\/sq\/takime-evente\/","og_locale":"sq_AL","og_type":"article","og_title":"TAKIME & EVENTE - Seraphine Plaza","og_url":"https:\/\/seraphineplaza.com\/sq\/takime-evente\/","og_site_name":"Seraphine Plaza","article_modified_time":"2019-12-04T14:39:56+00:00","twitter_card":"summary_large_image","twitter_misc":{"Est. reading time":"1 minute"},"schema":{"@context":"https:\/\/schema.org","@graph":[{"@type":"WebPage","@id":"https:\/\/seraphineplaza.com\/sq\/takime-evente\/","url":"https:\/\/seraphineplaza.com\/sq\/takime-evente\/","name":"TAKIME & EVENTE - Seraphine Plaza","isPartOf":{"@id":"https:\/\/seraphineplaza.com\/#website"},"datePublished":"2019-08-21T15:18:17+00:00","dateModified":"2019-12-04T14:39:56+00:00","breadcrumb":{"@id":"https:\/\/seraphineplaza.com\/sq\/takime-evente\/#breadcrumb"},"inLanguage":"sq-AL","potentialAction":[{"@type":"ReadAction","target":["https:\/\/seraphineplaza.com\/sq\/takime-evente\/"]}]},{"@type":"BreadcrumbList","@id":"https:\/\/seraphineplaza.com\/sq\/takime-evente\/#breadcrumb","itemListElement":[{"@type":"ListItem","position":1,"name":"Home","item":"https:\/\/seraphineplaza.com\/sq\/"},{"@type":"ListItem","position":2,"name":"TAKIME &#038; EVENTE"}]},{"@type":"WebSite","@id":"https:\/\/seraphineplaza.com\/#website","url":"https:\/\/seraphineplaza.com\/","name":"Seraphine Plaza","description":"Hotel in Peja, Kosovo","publisher":{"@id":"https:\/\/seraphineplaza.com\/#organization"},"potentialAction":[{"@type":"SearchAction","target":{"@type":"EntryPoint","urlTemplate":"https:\/\/seraphineplaza.com\/?s={search_term_string}"},"query-input":{"@type":"PropertyValueSpecification","valueRequired":true,"valueName":"search_term_string"}}],"inLanguage":"sq-AL"},{"@type":"Organization","@id":"https:\/\/seraphineplaza.com\/#organization","name":"Seraphine Plaza","url":"https:\/\/seraphineplaza.com\/","logo":{"@type":"ImageObject","inLanguage":"sq-AL","@id":"https:\/\/seraphineplaza.com\/#\/schema\/logo\/image\/","url":"https:\/\/seraphineplaza.com\/wp-content\/uploads\/2019\/08\/Serpahine-logo-4-colors-1.png","contentUrl":"https:\/\/seraphineplaza.com\/wp-content\/uploads\/2019\/08\/Serpahine-logo-4-colors-1.png","width":500,"height":532,"caption":"Seraphine Plaza"},"image":{"@id":"https:\/\/seraphineplaza.com\/#\/schema\/logo\/image\/"}}]}},"_links":{"self":[{"href":"https:\/\/seraphineplaza.com\/sq\/wp-json\/wp\/v2\/pages\/7813","targetHints":{"allow":["GET"]}}],"collection":[{"href":"https:\/\/seraphineplaza.com\/sq\/wp-json\/wp\/v2\/pages"}],"about":[{"href":"https:\/\/seraphineplaza.com\/sq\/wp-json\/wp\/v2\/types\/page"}],"author":[{"embeddable":true,"href":"https:\/\/seraphineplaza.com\/sq\/wp-json\/wp\/v2\/users\/1"}],"replies":[{"embeddable":true,"href":"https:\/\/seraphineplaza.com\/sq\/wp-json\/wp\/v2\/comments?post=7813"}],"version-history":[{"count":7,"href":"https:\/\/seraphineplaza.com\/sq\/wp-json\/wp\/v2\/pages\/7813\/revisions"}],"predecessor-version":[{"id":8119,"href":"https:\/\/seraphineplaza.com\/sq\/wp-json\/wp\/v2\/pages\/7813\/revisions\/8119"}],"wp:attachment":[{"href":"https:\/\/seraphineplaza.com\/sq\/wp-json\/wp\/v2\/media?parent=7813"}],"curies":[{"name":"wp","href":"https:\/\/api.w.org\/{rel}","templated":true}]}}