{"id":7884,"date":"2019-08-22T12:52:02","date_gmt":"2019-08-22T12:52:02","guid":{"rendered":"https:\/\/seraphineplaza.com\/?page_id=7884"},"modified":"2019-08-22T15:21:47","modified_gmt":"2019-08-22T15:21:47","slug":"peja","status":"publish","type":"page","link":"https:\/\/seraphineplaza.com\/sq\/peja\/","title":{"rendered":"Peja"},"content":{"rendered":"<div class=\"wpb-content-wrapper\"><section class=\"l-section wpb_row height_medium\" style=\"margin-top: 0px !important;\"><div class=\"l-section-h i-cf\" style=\"padding-top: 0px !important;\"><div class=\"g-cols vc_row type_default valign_top\"><div class=\"vc_col-sm-12 wpb_column vc_column_container\"><div class=\"vc_column-inner\"><div class=\"wpb_wrapper\"><div class=\"w-image align_none\"><div class=\"w-image-h\"><img loading=\"lazy\" decoding=\"async\" width=\"1920\" height=\"698\" src=\"https:\/\/seraphineplaza.com\/wp-content\/uploads\/2019\/08\/hotel_in_Peja_seraphine_plazza-1.jpg\" class=\"attachment-full size-full\" alt=\"\" srcset=\"https:\/\/seraphineplaza.com\/wp-content\/uploads\/2019\/08\/hotel_in_Peja_seraphine_plazza-1.jpg 1920w, https:\/\/seraphineplaza.com\/wp-content\/uploads\/2019\/08\/hotel_in_Peja_seraphine_plazza-1-300x109.jpg 300w, https:\/\/seraphineplaza.com\/wp-content\/uploads\/2019\/08\/hotel_in_Peja_seraphine_plazza-1-1024x372.jpg 1024w\" sizes=\"auto, (max-width: 1920px) 100vw, 1920px\" \/><\/div><\/div><\/div><\/div><\/div><\/div><\/div><\/section><section class=\"l-section wpb_row height_medium\" style=\"margin-top: 0px !important;\"><div class=\"l-section-h i-cf\" style=\"padding-top: 0px !important;\"><div class=\"g-cols vc_row type_default valign_top\"><div class=\"vc_col-sm-12 wpb_column vc_column_container\"><div class=\"vc_column-inner\"><div class=\"wpb_wrapper\">\r\n\t<div class=\"wpb_text_column \">\r\n\t\t<div class=\"wpb_wrapper\">\r\n\t\t\t<h3 class=\"description-title\">PEJA<\/h3>\n<p>Peja ka nj\u00eb trash\u00ebgimi t\u00eb pasur kulturore dhe historike duke qen\u00eb mikprit\u00ebs i nj\u00eb siti t\u00eb trash\u00ebgimis\u00eb bot\u00ebrore t\u00eb UNESCO-s, qasje n\u00eb nj\u00eb tjet\u00ebr dhe p\u00ebrreth tij nga natyra mahnit\u00ebse. Qyteti shtrihet n\u00eb pjes\u00ebn veri-per\u00ebndimore t\u00eb Kosov\u00ebs, rr\u00ebz\u00eb Bjeshk\u00ebve t\u00eb Nemuna (Malet e Rr\u00ebmbyera) dhe Kanioni Rugova, midis 42 42 dhe 40 \u2032 paraleleve (n\u00eb veri) dhe midis 20 \u2032 dhe 18 \u2032 meridian\u00ebve (n\u00eb lindje). Komuna e Pej\u00ebs n\u00eb total ka nj\u00eb sip\u00ebrfaqe prej 603 km2, nd\u00ebrsa pjesa urbane mbulon 20 km2. Lart\u00ebsia e qytetit \u00ebsht\u00eb 521 m mbi nivelin e detit, dhe maja m\u00eb e lart\u00eb \u00ebsht\u00eb 2,522 m n\u00eb Guri i Kuq (Gur i Kuq) n\u00eb Bjeshk\u00ebt e Nemuna. Pasi t\u00eb kaloni n\u00ebp\u00ebr kanionin Rugova, do t\u00eb vini re bukurit\u00eb dhe thesaret e pazbuluara. Peja shtrihet n\u00eb brigjet e lumit Lumbardh q\u00eb buron nga Bjeshk\u00ebt e Nemuna p\u00ebr 63 km, pas s\u00eb cil\u00ebs bashkohet me lumin m\u00eb t\u00eb gjat\u00eb n\u00eb Kosov\u00eb, Drinin e Bardh\u00eb. Pranvera e Drinit t\u00eb Bardh\u00eb \u00ebsht\u00eb edhe n\u00eb komun\u00ebn e Pej\u00ebs, n\u00eb fshatin Radavc, me uj\u00ebvara t\u00ebrheq\u00ebse.<\/p>\n\r\n\t\t<\/div>\r\n\t<\/div>\r\n<\/div><\/div><\/div><\/div><\/div><\/section><section class=\"l-section wpb_row height_medium\" style=\"margin-top: 0px !important;\"><div class=\"l-section-h i-cf\" style=\"padding-top: 0px !important;\"><div class=\"g-cols vc_row type_default valign_top\"><div class=\"vc_col-sm-12 wpb_column vc_column_container\"><div class=\"vc_column-inner\"><div class=\"wpb_wrapper\">\r\n\t<div class=\"wpb_text_column \">\r\n\t\t<div class=\"wpb_wrapper\">\r\n\t\t\t<h3 class=\"description-title\">Popullimi<\/h3>\n<p>I gjith\u00eb rajoni \u00ebsht\u00eb i banuar nga 180,000 qytetar\u00eb; nga t\u00eb cilat 100,000 jan\u00eb p\u00ebrqendruar n\u00eb qendr\u00ebn urbane t\u00eb Pej\u00ebs. N\u00eb dekad\u00ebn e fundit, ekziston nj\u00eb zgjidhje e madhe e popullsis\u00eb n\u00eb qytet, p\u00ebr shkak t\u00eb kushteve m\u00eb t\u00eb mira t\u00eb jetes\u00ebs dhe m\u00eb shum\u00eb mund\u00ebsi pun\u00ebsimi. Shumica e popullsis\u00eb \u00ebsht\u00eb shqiptare etnike (90%), nd\u00ebrsa 10% e mbetur p\u00ebrb\u00ebhet nga serb\u00eb, boshnjak\u00eb, rom\u00eb, ashkali dhe malazez\u00eb.<\/p>\n\r\n\t\t<\/div>\r\n\t<\/div>\r\n<\/div><\/div><\/div><\/div><\/div><\/section><section class=\"l-section wpb_row height_medium\" style=\"margin-top: 0px !important;\"><div class=\"l-section-h i-cf\" style=\"padding-top: 0px !important;\"><div class=\"g-cols vc_row type_default valign_top\"><div class=\"vc_col-sm-12 wpb_column vc_column_container\"><div class=\"vc_column-inner\"><div class=\"wpb_wrapper\">\r\n\t<div class=\"wpb_text_column \">\r\n\t\t<div class=\"wpb_wrapper\">\r\n\t\t\t<h3 class=\"description-title\">Klima<\/h3>\n<p>Klima n\u00eb Pej\u00eb \u00ebsht\u00eb kontinentale me nj\u00eb dim\u00ebr t\u00eb ftoht\u00eb dhe ver\u00eb relativisht t\u00eb nxeht\u00eb. Vjeshta sjell shira t\u00eb dendur dhe ka temperatur\u00eb t\u00eb but\u00eb gjat\u00eb pranver\u00ebs. Njer\u00ebzit e Pej\u00ebs jan\u00eb t\u00eb dashur p\u00ebr sezonin e dimrit sidomos kur bie bor\u00eb, pasi ata e shfryt\u00ebzojn\u00eb k\u00ebt\u00eb mund\u00ebsi p\u00ebr ski.<\/p>\n\r\n\t\t<\/div>\r\n\t<\/div>\r\n<\/div><\/div><\/div><\/div><\/div><\/section>\n<\/div>","protected":false},"excerpt":{"rendered":"PEJA Peja ka nj\u00eb trash\u00ebgimi t\u00eb pasur kulturore dhe historike duke qen\u00eb mikprit\u00ebs i nj\u00eb siti t\u00eb trash\u00ebgimis\u00eb bot\u00ebrore t\u00eb UNESCO-s, qasje n\u00eb nj\u00eb tjet\u00ebr dhe p\u00ebrreth tij nga natyra mahnit\u00ebse. Qyteti shtrihet n\u00eb pjes\u00ebn veri-per\u00ebndimore t\u00eb Kosov\u00ebs, rr\u00ebz\u00eb Bjeshk\u00ebve t\u00eb Nemuna (Malet e Rr\u00ebmbyera) dhe Kanioni Rugova, midis 42 42 dhe 40 \u2032 paraleleve...","protected":false},"author":1,"featured_media":0,"parent":0,"menu_order":0,"comment_status":"closed","ping_status":"closed","template":"","meta":{"_acf_changed":false,"_links_to":"","_links_to_type":0,"footnotes":""},"class_list":["post-7884","page","type-page","status-publish","hentry"],"acf":[],"yoast_head":"<!-- This site is optimized with the Yoast SEO plugin v24.2 - https:\/\/yoast.com\/wordpress\/plugins\/seo\/ -->\n<title>Peja - Seraphine Plaza<\/title>\n<meta name=\"robots\" content=\"index, follow, max-snippet:-1, max-image-preview:large, max-video-preview:-1\" \/>\n<link rel=\"canonical\" href=\"https:\/\/seraphineplaza.com\/peja\/\" \/>\n<meta property=\"og:locale\" content=\"sq_AL\" \/>\n<meta property=\"og:type\" content=\"article\" \/>\n<meta property=\"og:title\" content=\"Peja - Seraphine Plaza\" \/>\n<meta property=\"og:url\" content=\"https:\/\/seraphineplaza.com\/peja\/\" \/>\n<meta property=\"og:site_name\" content=\"Seraphine Plaza\" \/>\n<meta property=\"article:modified_time\" content=\"2019-08-22T15:21:47+00:00\" \/>\n<meta name=\"twitter:card\" content=\"summary_large_image\" \/>\n<meta name=\"twitter:label1\" content=\"Est. reading time\" \/>\n\t<meta name=\"twitter:data1\" content=\"2 minutes\" \/>\n<script type=\"application\/ld+json\" class=\"yoast-schema-graph\">{\"@context\":\"https:\/\/schema.org\",\"@graph\":[{\"@type\":\"WebPage\",\"@id\":\"https:\/\/seraphineplaza.com\/peja\/\",\"url\":\"https:\/\/seraphineplaza.com\/peja\/\",\"name\":\"Peja - Seraphine Plaza\",\"isPartOf\":{\"@id\":\"https:\/\/seraphineplaza.com\/#website\"},\"datePublished\":\"2019-08-22T12:52:02+00:00\",\"dateModified\":\"2019-08-22T15:21:47+00:00\",\"breadcrumb\":{\"@id\":\"https:\/\/seraphineplaza.com\/peja\/#breadcrumb\"},\"inLanguage\":\"sq-AL\",\"potentialAction\":[{\"@type\":\"ReadAction\",\"target\":[\"https:\/\/seraphineplaza.com\/peja\/\"]}]},{\"@type\":\"BreadcrumbList\",\"@id\":\"https:\/\/seraphineplaza.com\/peja\/#breadcrumb\",\"itemListElement\":[{\"@type\":\"ListItem\",\"position\":1,\"name\":\"Home\",\"item\":\"https:\/\/seraphineplaza.com\/sq\/\"},{\"@type\":\"ListItem\",\"position\":2,\"name\":\"Peja\"}]},{\"@type\":\"WebSite\",\"@id\":\"https:\/\/seraphineplaza.com\/#website\",\"url\":\"https:\/\/seraphineplaza.com\/\",\"name\":\"Seraphine Plaza\",\"description\":\"Hotel in Peja, Kosovo\",\"publisher\":{\"@id\":\"https:\/\/seraphineplaza.com\/#organization\"},\"potentialAction\":[{\"@type\":\"SearchAction\",\"target\":{\"@type\":\"EntryPoint\",\"urlTemplate\":\"https:\/\/seraphineplaza.com\/?s={search_term_string}\"},\"query-input\":{\"@type\":\"PropertyValueSpecification\",\"valueRequired\":true,\"valueName\":\"search_term_string\"}}],\"inLanguage\":\"sq-AL\"},{\"@type\":\"Organization\",\"@id\":\"https:\/\/seraphineplaza.com\/#organization\",\"name\":\"Seraphine Plaza\",\"url\":\"https:\/\/seraphineplaza.com\/\",\"logo\":{\"@type\":\"ImageObject\",\"inLanguage\":\"sq-AL\",\"@id\":\"https:\/\/seraphineplaza.com\/#\/schema\/logo\/image\/\",\"url\":\"https:\/\/seraphineplaza.com\/wp-content\/uploads\/2019\/08\/Serpahine-logo-4-colors-1.png\",\"contentUrl\":\"https:\/\/seraphineplaza.com\/wp-content\/uploads\/2019\/08\/Serpahine-logo-4-colors-1.png\",\"width\":500,\"height\":532,\"caption\":\"Seraphine Plaza\"},\"image\":{\"@id\":\"https:\/\/seraphineplaza.com\/#\/schema\/logo\/image\/\"}}]}<\/script>\n<!-- \/ Yoast SEO plugin. -->","yoast_head_json":{"title":"Peja - Seraphine Plaza","robots":{"index":"index","follow":"follow","max-snippet":"max-snippet:-1","max-image-preview":"max-image-preview:large","max-video-preview":"max-video-preview:-1"},"canonical":"https:\/\/seraphineplaza.com\/peja\/","og_locale":"sq_AL","og_type":"article","og_title":"Peja - Seraphine Plaza","og_url":"https:\/\/seraphineplaza.com\/peja\/","og_site_name":"Seraphine Plaza","article_modified_time":"2019-08-22T15:21:47+00:00","twitter_card":"summary_large_image","twitter_misc":{"Est. reading time":"2 minutes"},"schema":{"@context":"https:\/\/schema.org","@graph":[{"@type":"WebPage","@id":"https:\/\/seraphineplaza.com\/peja\/","url":"https:\/\/seraphineplaza.com\/peja\/","name":"Peja - Seraphine Plaza","isPartOf":{"@id":"https:\/\/seraphineplaza.com\/#website"},"datePublished":"2019-08-22T12:52:02+00:00","dateModified":"2019-08-22T15:21:47+00:00","breadcrumb":{"@id":"https:\/\/seraphineplaza.com\/peja\/#breadcrumb"},"inLanguage":"sq-AL","potentialAction":[{"@type":"ReadAction","target":["https:\/\/seraphineplaza.com\/peja\/"]}]},{"@type":"BreadcrumbList","@id":"https:\/\/seraphineplaza.com\/peja\/#breadcrumb","itemListElement":[{"@type":"ListItem","position":1,"name":"Home","item":"https:\/\/seraphineplaza.com\/sq\/"},{"@type":"ListItem","position":2,"name":"Peja"}]},{"@type":"WebSite","@id":"https:\/\/seraphineplaza.com\/#website","url":"https:\/\/seraphineplaza.com\/","name":"Seraphine Plaza","description":"Hotel in Peja, Kosovo","publisher":{"@id":"https:\/\/seraphineplaza.com\/#organization"},"potentialAction":[{"@type":"SearchAction","target":{"@type":"EntryPoint","urlTemplate":"https:\/\/seraphineplaza.com\/?s={search_term_string}"},"query-input":{"@type":"PropertyValueSpecification","valueRequired":true,"valueName":"search_term_string"}}],"inLanguage":"sq-AL"},{"@type":"Organization","@id":"https:\/\/seraphineplaza.com\/#organization","name":"Seraphine Plaza","url":"https:\/\/seraphineplaza.com\/","logo":{"@type":"ImageObject","inLanguage":"sq-AL","@id":"https:\/\/seraphineplaza.com\/#\/schema\/logo\/image\/","url":"https:\/\/seraphineplaza.com\/wp-content\/uploads\/2019\/08\/Serpahine-logo-4-colors-1.png","contentUrl":"https:\/\/seraphineplaza.com\/wp-content\/uploads\/2019\/08\/Serpahine-logo-4-colors-1.png","width":500,"height":532,"caption":"Seraphine Plaza"},"image":{"@id":"https:\/\/seraphineplaza.com\/#\/schema\/logo\/image\/"}}]}},"_links":{"self":[{"href":"https:\/\/seraphineplaza.com\/sq\/wp-json\/wp\/v2\/pages\/7884","targetHints":{"allow":["GET"]}}],"collection":[{"href":"https:\/\/seraphineplaza.com\/sq\/wp-json\/wp\/v2\/pages"}],"about":[{"href":"https:\/\/seraphineplaza.com\/sq\/wp-json\/wp\/v2\/types\/page"}],"author":[{"embeddable":true,"href":"https:\/\/seraphineplaza.com\/sq\/wp-json\/wp\/v2\/users\/1"}],"replies":[{"embeddable":true,"href":"https:\/\/seraphineplaza.com\/sq\/wp-json\/wp\/v2\/comments?post=7884"}],"version-history":[{"count":4,"href":"https:\/\/seraphineplaza.com\/sq\/wp-json\/wp\/v2\/pages\/7884\/revisions"}],"predecessor-version":[{"id":7967,"href":"https:\/\/seraphineplaza.com\/sq\/wp-json\/wp\/v2\/pages\/7884\/revisions\/7967"}],"wp:attachment":[{"href":"https:\/\/seraphineplaza.com\/sq\/wp-json\/wp\/v2\/media?parent=7884"}],"curies":[{"name":"wp","href":"https:\/\/api.w.org\/{rel}","templated":true}]}}