{"id":7930,"date":"2019-08-22T14:54:38","date_gmt":"2019-08-22T14:54:38","guid":{"rendered":"https:\/\/seraphineplaza.com\/?page_id=7930"},"modified":"2019-08-22T15:23:39","modified_gmt":"2019-08-22T15:23:39","slug":"dhoma-treshe","status":"publish","type":"page","link":"https:\/\/seraphineplaza.com\/sq\/rooms\/dhoma-treshe\/","title":{"rendered":"Dhome Treshe"},"content":{"rendered":"<div class=\"wpb-content-wrapper\"><section class=\"l-section wpb_row height_medium\" style=\"margin-top: 0px !important;\"><div class=\"l-section-h i-cf\" style=\"padding-top: 0px !important;\"><div class=\"g-cols vc_row type_default valign_top\"><div class=\"vc_col-sm-12 wpb_column vc_column_container\"><div class=\"vc_column-inner\"><div class=\"wpb_wrapper\">\n<div id=\"rev_slider_5_1_wrapper\" class=\"rev_slider_wrapper fullwidthbanner-container\" data-source=\"gallery\" style=\"margin:0px auto;background:transparent;padding:0px;margin-top:0px;margin-bottom:0px;\">\n<!-- START REVOLUTION SLIDER 5.4.8 auto mode -->\n\t<div id=\"rev_slider_5_1\" class=\"rev_slider fullwidthabanner\" style=\"display:none;\" data-version=\"5.4.8\">\n<ul>\t<!-- SLIDE  -->\n\t<li data-index=\"rs-13\" data-transition=\"fade\" data-slotamount=\"default\" data-hideafterloop=\"0\" data-hideslideonmobile=\"off\"  data-easein=\"default\" data-easeout=\"default\" data-masterspeed=\"300\"  data-thumb=\"https:\/\/seraphineplaza.com\/wp-content\/uploads\/2019\/08\/hotel_in_peja_room_triple_seraphine_plaza_1-1-100x50.jpg\"  data-rotate=\"0\"  data-saveperformance=\"off\"  data-title=\"Slide\" data-param1=\"\" data-param2=\"\" data-param3=\"\" data-param4=\"\" data-param5=\"\" data-param6=\"\" data-param7=\"\" data-param8=\"\" data-param9=\"\" data-param10=\"\" data-description=\"\">\n\t\t<!-- MAIN IMAGE -->\n\t\t<img loading=\"lazy\" decoding=\"async\" src=\"https:\/\/seraphineplaza.com\/wp-content\/uploads\/2019\/08\/hotel_in_peja_room_triple_seraphine_plaza_1-1.jpg\"  alt=\"\" title=\"hotel_in_peja_room_triple_seraphine_plaza_1\"  width=\"1920\" height=\"698\" data-bgposition=\"center center\" data-bgfit=\"cover\" data-bgrepeat=\"no-repeat\" class=\"rev-slidebg\" data-no-retina>\n\t\t<!-- LAYERS -->\n\t<\/li>\n\t<!-- SLIDE  -->\n\t<li data-index=\"rs-14\" data-transition=\"fade\" data-slotamount=\"default\" data-hideafterloop=\"0\" data-hideslideonmobile=\"off\"  data-easein=\"default\" data-easeout=\"default\" data-masterspeed=\"300\"  data-thumb=\"https:\/\/seraphineplaza.com\/wp-content\/uploads\/2019\/08\/hotel_in_peja_room_triple_seraphine_plaza_2-1-100x50.jpg\"  data-rotate=\"0\"  data-saveperformance=\"off\"  data-title=\"Slide\" data-param1=\"\" data-param2=\"\" data-param3=\"\" data-param4=\"\" data-param5=\"\" data-param6=\"\" data-param7=\"\" data-param8=\"\" data-param9=\"\" data-param10=\"\" data-description=\"\">\n\t\t<!-- MAIN IMAGE -->\n\t\t<img loading=\"lazy\" decoding=\"async\" src=\"https:\/\/seraphineplaza.com\/wp-content\/uploads\/2019\/08\/hotel_in_peja_room_triple_seraphine_plaza_2-1.jpg\"  alt=\"\" title=\"hotel_in_peja_room_triple_seraphine_plaza_2\"  width=\"1920\" height=\"698\" data-bgposition=\"center center\" data-bgfit=\"cover\" data-bgrepeat=\"no-repeat\" class=\"rev-slidebg\" data-no-retina>\n\t\t<!-- LAYERS -->\n\t<\/li>\n\t<!-- SLIDE  -->\n\t<li data-index=\"rs-15\" data-transition=\"fade\" data-slotamount=\"default\" data-hideafterloop=\"0\" data-hideslideonmobile=\"off\"  data-easein=\"default\" data-easeout=\"default\" data-masterspeed=\"300\"  data-thumb=\"https:\/\/seraphineplaza.com\/wp-content\/uploads\/2019\/08\/hotel_in_peja_room_triple_seraphine_plaza_3-1-100x50.jpg\"  data-rotate=\"0\"  data-saveperformance=\"off\"  data-title=\"Slide\" data-param1=\"\" data-param2=\"\" data-param3=\"\" data-param4=\"\" data-param5=\"\" data-param6=\"\" data-param7=\"\" data-param8=\"\" data-param9=\"\" data-param10=\"\" data-description=\"\">\n\t\t<!-- MAIN IMAGE -->\n\t\t<img loading=\"lazy\" decoding=\"async\" src=\"https:\/\/seraphineplaza.com\/wp-content\/uploads\/2019\/08\/hotel_in_peja_room_triple_seraphine_plaza_3-1.jpg\"  alt=\"\" title=\"hotel_in_peja_room_triple_seraphine_plaza_3\"  width=\"1920\" height=\"698\" data-bgposition=\"center center\" data-bgfit=\"cover\" data-bgrepeat=\"no-repeat\" class=\"rev-slidebg\" data-no-retina>\n\t\t<!-- LAYERS -->\n\t<\/li>\n<\/ul>\n<script>var htmlDiv = document.getElementById(\"rs-plugin-settings-inline-css\"); var htmlDivCss=\"\";\r\n\t\t\t\t\t\tif(htmlDiv) {\r\n\t\t\t\t\t\t\thtmlDiv.innerHTML = htmlDiv.innerHTML + htmlDivCss;\r\n\t\t\t\t\t\t}else{\r\n\t\t\t\t\t\t\tvar htmlDiv = document.createElement(\"div\");\r\n\t\t\t\t\t\t\thtmlDiv.innerHTML = \"<style>\" + htmlDivCss + \"<\/style>\";\r\n\t\t\t\t\t\t\tdocument.getElementsByTagName(\"head\")[0].appendChild(htmlDiv.childNodes[0]);\r\n\t\t\t\t\t\t}\r\n\t\t\t\t\t<\/script>\n<div class=\"tp-bannertimer tp-bottom\" style=\"visibility: hidden !important;\"><\/div>\t<\/div>\n<script>var htmlDiv = document.getElementById(\"rs-plugin-settings-inline-css\"); var htmlDivCss=\"\";\r\n\t\t\t\tif(htmlDiv) {\r\n\t\t\t\t\thtmlDiv.innerHTML = htmlDiv.innerHTML + htmlDivCss;\r\n\t\t\t\t}else{\r\n\t\t\t\t\tvar htmlDiv = document.createElement(\"div\");\r\n\t\t\t\t\thtmlDiv.innerHTML = \"<style>\" + htmlDivCss + \"<\/style>\";\r\n\t\t\t\t\tdocument.getElementsByTagName(\"head\")[0].appendChild(htmlDiv.childNodes[0]);\r\n\t\t\t\t}\r\n\t\t\t<\/script>\n\t\t<script type=\"text\/javascript\">\r\nif (setREVStartSize!==undefined) setREVStartSize(\r\n\t{c: '#rev_slider_5_1', gridwidth: [1240], gridheight: [500], sliderLayout: 'auto'});\r\n\t\t\t\r\nvar revapi5,\r\n\ttpj;\t\r\n(function() {\t\t\t\r\n\tif (!\/loaded|interactive|complete\/.test(document.readyState)) document.addEventListener(\"DOMContentLoaded\",onLoad); else onLoad();\t\r\n\tfunction onLoad() {\t\t\t\t\r\n\t\tif (tpj===undefined) { tpj = jQuery; if(\"off\" == \"on\") tpj.noConflict();}\r\n\tif(tpj(\"#rev_slider_5_1\").revolution == undefined){\n\t\trevslider_showDoubleJqueryError(\"#rev_slider_5_1\");\n\t}else{\n\t\trevapi5 = tpj(\"#rev_slider_5_1\").show().revolution({\n\t\t\tsliderType:\"standard\",\n\t\t\tjsFileLocation:\"\/\/seraphineplaza.com\/wp-content\/plugins\/revslider\/public\/assets\/js\/\",\n\t\t\tsliderLayout:\"auto\",\n\t\t\tdottedOverlay:\"none\",\n\t\t\tdelay:9000,\n\t\t\tnavigation: {\n\t\t\t\tkeyboardNavigation:\"off\",\n\t\t\t\tkeyboard_direction: \"horizontal\",\n\t\t\t\tmouseScrollNavigation:\"off\",\n \t\t\t\t\t\t\tmouseScrollReverse:\"default\",\n\t\t\t\tonHoverStop:\"off\",\n\t\t\t\ttouch:{\n\t\t\t\t\ttouchenabled:\"on\",\n\t\t\t\t\ttouchOnDesktop:\"off\",\n\t\t\t\t\tswipe_threshold: 75,\n\t\t\t\t\tswipe_min_touches: 1,\n\t\t\t\t\tswipe_direction: \"horizontal\",\n\t\t\t\t\tdrag_block_vertical: false\n\t\t\t\t}\n\t\t\t\t,\n\t\t\t\tbullets: {\n\t\t\t\t\tenable:true,\n\t\t\t\t\thide_onmobile:false,\n\t\t\t\t\tstyle:\"uranus\",\n\t\t\t\t\thide_onleave:false,\n\t\t\t\t\tdirection:\"horizontal\",\n\t\t\t\t\th_align:\"center\",\n\t\t\t\t\tv_align:\"bottom\",\n\t\t\t\t\th_offset:0,\n\t\t\t\t\tv_offset:20,\n\t\t\t\t\tspace:5,\n\t\t\t\t\ttmp:'<span class=\"tp-bullet-inner\"><\/span>'\n\t\t\t\t}\n\t\t\t},\n\t\t\tvisibilityLevels:[1240,1024,778,480],\n\t\t\tgridwidth:1240,\n\t\t\tgridheight:500,\n\t\t\tlazyType:\"none\",\n\t\t\tshadow:0,\n\t\t\tspinner:\"off\",\n\t\t\tstopLoop:\"off\",\n\t\t\tstopAfterLoops:-1,\n\t\t\tstopAtSlide:-1,\n\t\t\tshuffle:\"off\",\n\t\t\tautoHeight:\"off\",\n\t\t\tdisableProgressBar:\"on\",\n\t\t\thideThumbsOnMobile:\"off\",\n\t\t\thideSliderAtLimit:0,\n\t\t\thideCaptionAtLimit:0,\n\t\t\thideAllCaptionAtLilmit:0,\n\t\t\tdebugMode:false,\n\t\t\tfallbacks: {\n\t\t\t\tsimplifyAll:\"off\",\n\t\t\t\tnextSlideOnWindowFocus:\"off\",\n\t\t\t\tdisableFocusListener:false,\n\t\t\t}\n\t\t});\n\t}; \/* END OF revapi call *\/\n\t\n }; \/* END OF ON LOAD FUNCTION *\/\r\n}()); \/* END OF WRAPPING FUNCTION *\/\r\n<\/script>\r\n\t\t<script>\r\n\t\t\t\t\tvar htmlDivCss = unescape(\"%23rev_slider_5_1%20.uranus%20.tp-bullet%7B%0A%20%20border-radius%3A%2050%25%3B%0A%20%20box-shadow%3A%200%200%200%202px%20rgba%28255%2C%20255%2C%20255%2C%200%29%3B%0A%20%20-webkit-transition%3A%20box-shadow%200.3s%20ease%3B%0A%20%20transition%3A%20box-shadow%200.3s%20ease%3B%0A%20%20background%3Atransparent%3B%0A%20%20width%3A15px%3B%0A%20%20height%3A15px%3B%0A%7D%0A%23rev_slider_5_1%20.uranus%20.tp-bullet.selected%2C%0A%23rev_slider_5_1%20.uranus%20.tp-bullet%3Ahover%20%7B%0A%20%20box-shadow%3A%200%200%200%202px%20rgba%28255%2C%20255%2C%20255%2C1%29%3B%0A%20%20border%3Anone%3B%0A%20%20border-radius%3A%2050%25%3B%0A%20%20background%3Atransparent%3B%0A%7D%0A%0A%23rev_slider_5_1%20.uranus%20.tp-bullet-inner%20%7B%0A%20%20-webkit-transition%3A%20background-color%200.3s%20ease%2C%20-webkit-transform%200.3s%20ease%3B%0A%20%20transition%3A%20background-color%200.3s%20ease%2C%20transform%200.3s%20ease%3B%0A%20%20top%3A%200%3B%0A%20%20left%3A%200%3B%0A%20%20width%3A%20100%25%3B%0A%20%20height%3A%20100%25%3B%0A%20%20outline%3A%20none%3B%0A%20%20border-radius%3A%2050%25%3B%0A%20%20background-color%3A%20rgb%28255%2C%20255%2C%20255%29%3B%0A%20%20background-color%3A%20rgba%28255%2C%20255%2C%20255%2C%200.3%29%3B%0A%20%20text-indent%3A%20-999em%3B%0A%20%20cursor%3A%20pointer%3B%0A%20%20position%3A%20absolute%3B%0A%7D%0A%0A%23rev_slider_5_1%20.uranus%20.tp-bullet.selected%20.tp-bullet-inner%2C%0A%23rev_slider_5_1%20.uranus%20.tp-bullet%3Ahover%20.tp-bullet-inner%7B%0A%20transform%3A%20scale%280.4%29%3B%0A%20-webkit-transform%3A%20scale%280.4%29%3B%0A%20background-color%3Argb%28255%2C%20255%2C%20255%29%3B%0A%7D%0A\");\r\n\t\t\t\t\tvar htmlDiv = document.getElementById('rs-plugin-settings-inline-css');\r\n\t\t\t\t\tif(htmlDiv) {\r\n\t\t\t\t\t\thtmlDiv.innerHTML = htmlDiv.innerHTML + htmlDivCss;\r\n\t\t\t\t\t}\r\n\t\t\t\t\telse{\r\n\t\t\t\t\t\tvar htmlDiv = document.createElement('div');\r\n\t\t\t\t\t\thtmlDiv.innerHTML = '<style>' + htmlDivCss + '<\/style>';\r\n\t\t\t\t\t\tdocument.getElementsByTagName('head')[0].appendChild(htmlDiv.childNodes[0]);\r\n\t\t\t\t\t}\r\n\t\t\t\t  <\/script>\r\n\t\t\t\t<\/div><!-- END REVOLUTION SLIDER --><\/div><\/div><\/div><\/div><\/div><\/section><section class=\"l-section wpb_row height_medium\" style=\"margin-top: 0px !important;\"><div class=\"l-section-h i-cf\" style=\"padding-top: 0px !important;\"><div class=\"g-cols vc_row type_default valign_top\"><div class=\"vc_col-sm-12 wpb_column vc_column_container\"><div class=\"vc_column-inner\"><div class=\"wpb_wrapper\"><ol class=\"g-breadcrumbs separator_icon align_right\" itemscope itemtype=\"http:\/\/schema.org\/BreadcrumbList\"><li class=\"g-breadcrumbs-item\" itemprop=\"itemListElement\" itemscope itemtype=\"http:\/\/schema.org\/ListItem\"><a itemprop=\"item\" href=\"https:\/\/seraphineplaza.com\/sq\/\"><span itemprop=\"name\">Home<\/span><\/a><meta itemprop=\"position\" content=\"1\"\/><\/li><li class=\"g-breadcrumbs-separator\"><i class=\"far fa-angle-right\"><\/i><\/li><li class=\"g-breadcrumbs-item\">Pages<\/li><\/ol><div class=\"g-cols wpb_row  type_default valign_top vc_inner \"><div class=\"vc_col-sm-8 wpb_column vc_column_container\"><div class=\"vc_column-inner\"><div class=\"wpb_wrapper\">\r\n\t<div class=\"wpb_text_column  vc_custom_1566485756435\">\r\n\t\t<div class=\"wpb_wrapper\">\r\n\t\t\t<h2 class=\"description-title\">Dhoma Treshe<\/h2>\n<p>Dhoma Treshe ka kapacitet prej 35m\u00b2, e mobiluar n\u00eb nj\u00eb stil modern duke ofruar t\u00eb gjitha paisjet e pritura n\u00eb nj\u00eb Hotel luksoz. Kjo dhom\u00eb \u00ebsht\u00eb e pajisur me 3 shtret\u00ebr t\u00eb kapaciteteve t\u00eb nj\u00ebjta, duke ofruar komforin p\u00ebr secilin mysafir. Dhoma Treshe poashtu \u00ebsht\u00eb e mobiluar me t\u00eb gjitha pasijet, n\u00eb m\u00ebnyre q\u00eb klient\u00ebve tan\u00eb t\u00eb mos ju mungoje asgj\u00eb.<\/p>\n<p>\u2018\u2019 Gj\u00ebrat e vogla kan\u00eb r\u00ebnd\u00ebsi\u2019\u2019<\/p>\n\r\n\t\t<\/div>\r\n\t<\/div>\r\n<\/div><\/div><\/div><div class=\"vc_col-sm-4 wpb_column vc_column_container\"><div class=\"vc_column-inner\"><div class=\"wpb_wrapper\"><div class=\"w-separator size_medium\"><\/div><div class=\"w-btn-wrapper width_full\"><a class=\"w-btn us-btn-style_2\" href=\"https:\/\/bookitbutton.booking.com\/hotel\/xk\/seraphine-plaza.en-gb.html?aid=330843&#038;hotel_id=1971093&#038;lang=en&#038;pb=&#038;stage=0&#038;hostname=bookitbutton.booking.com&#038;amp\" target=\"_blank\" rel=\"noopener\"><span class=\"w-btn-label\">Book your stay!<\/span><\/a><\/div><\/div><\/div><\/div><\/div><\/div><\/div><\/div><\/div><\/div><\/section><section class=\"l-section wpb_row height_medium\" style=\"margin-top: 0px !important;margin-bottom: 0px !important;\"><div class=\"l-section-h i-cf\" style=\"padding-top: 0px !important;padding-bottom: 0px !important;\"><div class=\"g-cols vc_row type_default valign_top\"><div class=\"vc_col-sm-12 wpb_column vc_column_container\"><div class=\"vc_column-inner\"><div class=\"wpb_wrapper\">\r\n\t<div class=\"wpb_text_column \">\r\n\t\t<div class=\"wpb_wrapper\">\r\n\t\t\t<h3 style=\"text-align: center;\">DETAJET E <strong>DHOM\u00cbS<\/strong><\/h3>\n\r\n\t\t<\/div>\r\n\t<\/div>\r\n<div class=\"w-separator size_medium with_line width_default thick_1 style_solid color_border align_center\"><div class=\"w-separator-h\"><\/div><\/div><div class=\"g-cols wpb_row  type_default valign_top vc_inner \"><div class=\"vc_col-sm-2 wpb_column vc_column_container\"><div class=\"vc_column-inner\"><div class=\"wpb_wrapper\"><div class=\"w-iconbox iconpos_top style_outlined color_custom align_center no_text\"><div class=\"w-iconbox-icon\" style=\"box-shadow:0 0 0 2px #e8e8e8 inset;background:#e8e8e8;color:#826216;\"><i class=\"fal fa-ruler-combined\"><\/i><\/div><div class=\"w-iconbox-meta\"><p class=\"w-iconbox-title\">35 m\u00b2<\/p><\/div><\/div><\/div><\/div><\/div><div class=\"vc_col-sm-2 wpb_column vc_column_container\"><div class=\"vc_column-inner\"><div class=\"wpb_wrapper\"><div class=\"w-iconbox iconpos_top style_outlined color_custom align_center no_text\"><div class=\"w-iconbox-icon\" style=\"box-shadow:0 0 0 2px #e8e8e8 inset;background:#e8e8e8;color:#826216;\"><i class=\"fal fa-wind\"><\/i><\/div><div class=\"w-iconbox-meta\"><p class=\"w-iconbox-title\">Kondicioner<\/p><\/div><\/div><\/div><\/div><\/div><div class=\"vc_col-sm-2 wpb_column vc_column_container\"><div class=\"vc_column-inner\"><div class=\"wpb_wrapper\"><div class=\"w-iconbox iconpos_top style_outlined color_custom align_center no_text\"><div class=\"w-iconbox-icon\" style=\"box-shadow:0 0 0 2px #e8e8e8 inset;background:#e8e8e8;color:#826216;\"><i class=\"fal fa-box-fragile\"><\/i><\/div><div class=\"w-iconbox-meta\"><p class=\"w-iconbox-title\">Minibar<\/p><\/div><\/div><\/div><\/div><\/div><div class=\"vc_col-sm-2 wpb_column vc_column_container\"><div class=\"vc_column-inner\"><div class=\"wpb_wrapper\"><div class=\"w-iconbox iconpos_top style_outlined color_custom align_center no_text\"><div class=\"w-iconbox-icon\" style=\"box-shadow:0 0 0 2px #e8e8e8 inset;background:#e8e8e8;color:#826216;\"><i class=\"fal fa-wifi\"><\/i><\/div><div class=\"w-iconbox-meta\"><p class=\"w-iconbox-title\">Wifi falas<\/p><\/div><\/div><\/div><\/div><\/div><div class=\"vc_col-sm-2 wpb_column vc_column_container\"><div class=\"vc_column-inner\"><div class=\"wpb_wrapper\"><div class=\"w-iconbox iconpos_top style_outlined color_custom align_center no_text\"><div class=\"w-iconbox-icon\" style=\"box-shadow:0 0 0 2px #e8e8e8 inset;background:#e8e8e8;color:#826216;\"><i class=\"fal fa-tv\"><\/i><\/div><div class=\"w-iconbox-meta\"><p class=\"w-iconbox-title\">Televizor Flat screen<\/p><\/div><\/div><\/div><\/div><\/div><div class=\"vc_col-sm-2 wpb_column vc_column_container\"><div class=\"vc_column-inner\"><div class=\"wpb_wrapper\"><div class=\"w-iconbox iconpos_top style_outlined color_custom align_center no_text\"><div class=\"w-iconbox-icon\" style=\"box-shadow:0 0 0 2px #e8e8e8 inset;background:#e8e8e8;color:#826216;\"><i class=\"fal fa-smoking-ban\"><\/i><\/div><div class=\"w-iconbox-meta\"><p class=\"w-iconbox-title\">Dhom\u00eb q\u00eb nuk pihet duhan.<\/p><\/div><\/div><\/div><\/div><\/div><\/div><\/div><\/div><\/div><\/div><\/div><\/section><section class=\"l-section wpb_row height_medium\"><div class=\"l-section-h i-cf\"><div class=\"g-cols vc_row type_default valign_top\"><div class=\"vc_col-sm-12 wpb_column vc_column_container\"><div class=\"vc_column-inner\"><div class=\"wpb_wrapper\">\r\n\t<div class=\"wpb_text_column  vc_custom_1566485878873\">\r\n\t\t<div class=\"wpb_wrapper\">\r\n\t\t\t<div class=\"title_gallery\">\n<h3 style=\"text-align: center;\">FOTOGALERI<\/h3>\n<\/div>\n\r\n\t\t<\/div>\r\n\t<\/div>\r\n<div class=\"w-separator size_medium with_line width_default thick_1 style_solid color_border align_center\"><div class=\"w-separator-h\"><\/div><\/div><ul class=\"pinterest-container\" data-onclick=\"link_image\" data-itemwidth=\"150\" data-minwidth=\"240\" data-offset=\"4\" data-outeroffset=\"0\" data-id=\"793015\" data-imagesload=\"on\"><li style='list-style:none;display:none'><a href='https:\/\/seraphineplaza.com\/wp-content\/uploads\/2019\/07\/hotel_in_peja_room_triple_seraphine_plaza_4-1.jpg' class='lightbox-link' rel='cq-pinterst-7930'><img src='https:\/\/seraphineplaza.com\/wp-content\/uploads\/2019\/07\/hotel_in_peja_room_triple_seraphine_plaza_4-1-300x225.jpg' width='150' height='112.5' alt='' \/><\/a><\/li><li style='list-style:none;display:none'><a href='https:\/\/seraphineplaza.com\/wp-content\/uploads\/2019\/07\/hotel_in_peja_room_triple_seraphine_plaza_5-1.jpg' class='lightbox-link' rel='cq-pinterst-7930'><img src='https:\/\/seraphineplaza.com\/wp-content\/uploads\/2019\/07\/hotel_in_peja_room_triple_seraphine_plaza_5-1-300x225.jpg' width='150' height='112.5' alt='' \/><\/a><\/li><li style='list-style:none;display:none'><a href='https:\/\/seraphineplaza.com\/wp-content\/uploads\/2019\/07\/hotel_in_peja_room_triple_seraphine_plaza_6-1.jpg' class='lightbox-link' rel='cq-pinterst-7930'><img src='https:\/\/seraphineplaza.com\/wp-content\/uploads\/2019\/07\/hotel_in_peja_room_triple_seraphine_plaza_6-1-300x225.jpg' width='150' height='112.5' alt='' \/><\/a><\/li><li style='list-style:none;display:none'><a href='https:\/\/seraphineplaza.com\/wp-content\/uploads\/2019\/07\/hotel_in_peja_room_triple_seraphine_plaza_7-1.jpg' class='lightbox-link' rel='cq-pinterst-7930'><img src='https:\/\/seraphineplaza.com\/wp-content\/uploads\/2019\/07\/hotel_in_peja_room_triple_seraphine_plaza_7-1-300x225.jpg' width='150' height='112.5' alt='' \/><\/a><\/li><li style='list-style:none;display:none'><a href='https:\/\/seraphineplaza.com\/wp-content\/uploads\/2019\/07\/hotel_in_peja_room_triple_seraphine_plaza_8-1.jpg' class='lightbox-link' rel='cq-pinterst-7930'><img src='https:\/\/seraphineplaza.com\/wp-content\/uploads\/2019\/07\/hotel_in_peja_room_triple_seraphine_plaza_8-1-300x225.jpg' width='150' height='112.5' alt='' \/><\/a><\/li><li style='list-style:none;display:none'><a href='https:\/\/seraphineplaza.com\/wp-content\/uploads\/2019\/07\/hotel_in_peja_room_triple_seraphine_plaza_9-1.jpg' class='lightbox-link' rel='cq-pinterst-7930'><img src='https:\/\/seraphineplaza.com\/wp-content\/uploads\/2019\/07\/hotel_in_peja_room_triple_seraphine_plaza_9-1-300x225.jpg' width='150' height='112.5' alt='' \/><\/a><\/li><\/ul><\/div><\/div><\/div><\/div><\/div><\/section>\n<\/div>","protected":false},"excerpt":{"rendered":"HomePages Dhoma Treshe Dhoma Treshe ka kapacitet prej 35m\u00b2, e mobiluar n\u00eb nj\u00eb stil modern duke ofruar t\u00eb gjitha paisjet e pritura n\u00eb nj\u00eb Hotel luksoz. Kjo dhom\u00eb \u00ebsht\u00eb e pajisur me 3 shtret\u00ebr t\u00eb kapaciteteve t\u00eb nj\u00ebjta, duke ofruar komforin p\u00ebr secilin mysafir. Dhoma Treshe poashtu \u00ebsht\u00eb e mobiluar me t\u00eb gjitha pasijet, n\u00eb...","protected":false},"author":1,"featured_media":0,"parent":7897,"menu_order":0,"comment_status":"closed","ping_status":"closed","template":"","meta":{"_acf_changed":false,"_links_to":"","_links_to_type":0,"footnotes":""},"class_list":["post-7930","page","type-page","status-publish","hentry"],"acf":[],"yoast_head":"<!-- This site is optimized with the Yoast SEO plugin v24.2 - https:\/\/yoast.com\/wordpress\/plugins\/seo\/ -->\n<title>Dhome Treshe - Seraphine Plaza<\/title>\n<meta name=\"robots\" content=\"index, follow, max-snippet:-1, max-image-preview:large, max-video-preview:-1\" \/>\n<link rel=\"canonical\" href=\"https:\/\/seraphineplaza.com\/rooms\/dhoma-treshe\/\" \/>\n<meta property=\"og:locale\" content=\"sq_AL\" \/>\n<meta property=\"og:type\" content=\"article\" \/>\n<meta property=\"og:title\" content=\"Dhome Treshe - Seraphine Plaza\" \/>\n<meta property=\"og:url\" content=\"https:\/\/seraphineplaza.com\/rooms\/dhoma-treshe\/\" \/>\n<meta property=\"og:site_name\" content=\"Seraphine Plaza\" \/>\n<meta property=\"article:modified_time\" content=\"2019-08-22T15:23:39+00:00\" \/>\n<meta name=\"twitter:card\" content=\"summary_large_image\" \/>\n<meta name=\"twitter:label1\" content=\"Est. reading time\" \/>\n\t<meta name=\"twitter:data1\" content=\"2 minutes\" \/>\n<script type=\"application\/ld+json\" class=\"yoast-schema-graph\">{\"@context\":\"https:\/\/schema.org\",\"@graph\":[{\"@type\":\"WebPage\",\"@id\":\"https:\/\/seraphineplaza.com\/rooms\/dhoma-treshe\/\",\"url\":\"https:\/\/seraphineplaza.com\/rooms\/dhoma-treshe\/\",\"name\":\"Dhome Treshe - Seraphine Plaza\",\"isPartOf\":{\"@id\":\"https:\/\/seraphineplaza.com\/#website\"},\"datePublished\":\"2019-08-22T14:54:38+00:00\",\"dateModified\":\"2019-08-22T15:23:39+00:00\",\"breadcrumb\":{\"@id\":\"https:\/\/seraphineplaza.com\/rooms\/dhoma-treshe\/#breadcrumb\"},\"inLanguage\":\"sq-AL\",\"potentialAction\":[{\"@type\":\"ReadAction\",\"target\":[\"https:\/\/seraphineplaza.com\/rooms\/dhoma-treshe\/\"]}]},{\"@type\":\"BreadcrumbList\",\"@id\":\"https:\/\/seraphineplaza.com\/rooms\/dhoma-treshe\/#breadcrumb\",\"itemListElement\":[{\"@type\":\"ListItem\",\"position\":1,\"name\":\"Home\",\"item\":\"https:\/\/seraphineplaza.com\/sq\/\"},{\"@type\":\"ListItem\",\"position\":2,\"name\":\"Dhomat\",\"item\":\"https:\/\/seraphineplaza.com\/sq\/rooms\/\"},{\"@type\":\"ListItem\",\"position\":3,\"name\":\"Dhome Treshe\"}]},{\"@type\":\"WebSite\",\"@id\":\"https:\/\/seraphineplaza.com\/#website\",\"url\":\"https:\/\/seraphineplaza.com\/\",\"name\":\"Seraphine Plaza\",\"description\":\"Hotel in Peja, Kosovo\",\"publisher\":{\"@id\":\"https:\/\/seraphineplaza.com\/#organization\"},\"potentialAction\":[{\"@type\":\"SearchAction\",\"target\":{\"@type\":\"EntryPoint\",\"urlTemplate\":\"https:\/\/seraphineplaza.com\/?s={search_term_string}\"},\"query-input\":{\"@type\":\"PropertyValueSpecification\",\"valueRequired\":true,\"valueName\":\"search_term_string\"}}],\"inLanguage\":\"sq-AL\"},{\"@type\":\"Organization\",\"@id\":\"https:\/\/seraphineplaza.com\/#organization\",\"name\":\"Seraphine Plaza\",\"url\":\"https:\/\/seraphineplaza.com\/\",\"logo\":{\"@type\":\"ImageObject\",\"inLanguage\":\"sq-AL\",\"@id\":\"https:\/\/seraphineplaza.com\/#\/schema\/logo\/image\/\",\"url\":\"https:\/\/seraphineplaza.com\/wp-content\/uploads\/2019\/08\/Serpahine-logo-4-colors-1.png\",\"contentUrl\":\"https:\/\/seraphineplaza.com\/wp-content\/uploads\/2019\/08\/Serpahine-logo-4-colors-1.png\",\"width\":500,\"height\":532,\"caption\":\"Seraphine Plaza\"},\"image\":{\"@id\":\"https:\/\/seraphineplaza.com\/#\/schema\/logo\/image\/\"}}]}<\/script>\n<!-- \/ Yoast SEO plugin. -->","yoast_head_json":{"title":"Dhome Treshe - Seraphine Plaza","robots":{"index":"index","follow":"follow","max-snippet":"max-snippet:-1","max-image-preview":"max-image-preview:large","max-video-preview":"max-video-preview:-1"},"canonical":"https:\/\/seraphineplaza.com\/rooms\/dhoma-treshe\/","og_locale":"sq_AL","og_type":"article","og_title":"Dhome Treshe - Seraphine Plaza","og_url":"https:\/\/seraphineplaza.com\/rooms\/dhoma-treshe\/","og_site_name":"Seraphine Plaza","article_modified_time":"2019-08-22T15:23:39+00:00","twitter_card":"summary_large_image","twitter_misc":{"Est. reading time":"2 minutes"},"schema":{"@context":"https:\/\/schema.org","@graph":[{"@type":"WebPage","@id":"https:\/\/seraphineplaza.com\/rooms\/dhoma-treshe\/","url":"https:\/\/seraphineplaza.com\/rooms\/dhoma-treshe\/","name":"Dhome Treshe - Seraphine Plaza","isPartOf":{"@id":"https:\/\/seraphineplaza.com\/#website"},"datePublished":"2019-08-22T14:54:38+00:00","dateModified":"2019-08-22T15:23:39+00:00","breadcrumb":{"@id":"https:\/\/seraphineplaza.com\/rooms\/dhoma-treshe\/#breadcrumb"},"inLanguage":"sq-AL","potentialAction":[{"@type":"ReadAction","target":["https:\/\/seraphineplaza.com\/rooms\/dhoma-treshe\/"]}]},{"@type":"BreadcrumbList","@id":"https:\/\/seraphineplaza.com\/rooms\/dhoma-treshe\/#breadcrumb","itemListElement":[{"@type":"ListItem","position":1,"name":"Home","item":"https:\/\/seraphineplaza.com\/sq\/"},{"@type":"ListItem","position":2,"name":"Dhomat","item":"https:\/\/seraphineplaza.com\/sq\/rooms\/"},{"@type":"ListItem","position":3,"name":"Dhome Treshe"}]},{"@type":"WebSite","@id":"https:\/\/seraphineplaza.com\/#website","url":"https:\/\/seraphineplaza.com\/","name":"Seraphine Plaza","description":"Hotel in Peja, Kosovo","publisher":{"@id":"https:\/\/seraphineplaza.com\/#organization"},"potentialAction":[{"@type":"SearchAction","target":{"@type":"EntryPoint","urlTemplate":"https:\/\/seraphineplaza.com\/?s={search_term_string}"},"query-input":{"@type":"PropertyValueSpecification","valueRequired":true,"valueName":"search_term_string"}}],"inLanguage":"sq-AL"},{"@type":"Organization","@id":"https:\/\/seraphineplaza.com\/#organization","name":"Seraphine Plaza","url":"https:\/\/seraphineplaza.com\/","logo":{"@type":"ImageObject","inLanguage":"sq-AL","@id":"https:\/\/seraphineplaza.com\/#\/schema\/logo\/image\/","url":"https:\/\/seraphineplaza.com\/wp-content\/uploads\/2019\/08\/Serpahine-logo-4-colors-1.png","contentUrl":"https:\/\/seraphineplaza.com\/wp-content\/uploads\/2019\/08\/Serpahine-logo-4-colors-1.png","width":500,"height":532,"caption":"Seraphine Plaza"},"image":{"@id":"https:\/\/seraphineplaza.com\/#\/schema\/logo\/image\/"}}]}},"_links":{"self":[{"href":"https:\/\/seraphineplaza.com\/sq\/wp-json\/wp\/v2\/pages\/7930","targetHints":{"allow":["GET"]}}],"collection":[{"href":"https:\/\/seraphineplaza.com\/sq\/wp-json\/wp\/v2\/pages"}],"about":[{"href":"https:\/\/seraphineplaza.com\/sq\/wp-json\/wp\/v2\/types\/page"}],"author":[{"embeddable":true,"href":"https:\/\/seraphineplaza.com\/sq\/wp-json\/wp\/v2\/users\/1"}],"replies":[{"embeddable":true,"href":"https:\/\/seraphineplaza.com\/sq\/wp-json\/wp\/v2\/comments?post=7930"}],"version-history":[{"count":2,"href":"https:\/\/seraphineplaza.com\/sq\/wp-json\/wp\/v2\/pages\/7930\/revisions"}],"predecessor-version":[{"id":7933,"href":"https:\/\/seraphineplaza.com\/sq\/wp-json\/wp\/v2\/pages\/7930\/revisions\/7933"}],"up":[{"embeddable":true,"href":"https:\/\/seraphineplaza.com\/sq\/wp-json\/wp\/v2\/pages\/7897"}],"wp:attachment":[{"href":"https:\/\/seraphineplaza.com\/sq\/wp-json\/wp\/v2\/media?parent=7930"}],"curies":[{"name":"wp","href":"https:\/\/api.w.org\/{rel}","templated":true}]}}